  {"id":68326,"date":"2023-01-06T14:45:07","date_gmt":"2023-01-06T12:45:07","guid":{"rendered":"https:\/\/www.pangea.global\/?page_id=68326"},"modified":"2024-01-02T09:54:19","modified_gmt":"2024-01-02T07:54:19","slug":"qualitaetserklaerung","status":"publish","type":"page","link":"https:\/\/stg.pangea.global\/de\/qualitaetserklaerung\/","title":{"rendered":"Qualit\u00e4tserkl\u00e4rung"},"content":{"rendered":"\n<section class=\"wp-block-uagb-columns uagb-columns__wrap uagb-columns__stack-mobile uagb-columns__valign- uagb-columns__gap-10 align uagb-block-4142363c uagb-columns__columns-1 uagb-columns__max_width-theme\"><div class=\"uagb-columns__overlay\"><\/div><div class=\"uagb-columns__inner-wrap uagb-columns__columns-1\">\n<div class=\"wp-block-uagb-column uagb-column__wrap uagb-column__background-undefined uagb-block-f287c64f\"><div class=\"uagb-column__overlay\"><\/div><div class=\"wp-block-image\">\n<figure class=\"aligncenter size-large is-resized\"><img decoding=\"async\" src=\"https:\/\/cdn.pangea.global\/wp-content\/uploads\/2023\/03\/27121714\/Persona-Quality-Statement-min-1024x490.png\" alt=\"\" class=\"wp-image-58886\" style=\"width:724px;height:500px\" width=\"724\" height=\"500\"\/><\/figure><\/div><\/div>\n<\/div><\/section>\n\n\n\n<section class=\"wp-block-uagb-columns uagb-columns__wrap uagb-columns__stack-mobile uagb-columns__valign- uagb-columns__gap-10 align uagb-block-7df2268b uagb-columns__columns-1 uagb-columns__max_width-custom quality-statement-text\"><div class=\"uagb-columns__overlay\"><\/div><div class=\"uagb-columns__inner-wrap uagb-columns__columns-1\">\n<div class=\"wp-block-uagb-column uagb-column__wrap uagb-column__background-undefined uagb-block-175d043a quality-statement-content common-text text-justfiy\"><div class=\"uagb-column__overlay\"><\/div>\n<h1 class=\"wp-block-heading has-text-align-center has-text-color\" style=\"color:#332525;font-style:normal;font-weight:600;text-transform:uppercase\">qualit\u00e4tserkl\u00e4rung<\/h1>\n\n\n\n<p class=\"common-text has-text-color\" style=\"color:#332525;letter-spacing:0.2px\">Pangea Translation Services (Cyprus) LTD ist ein Anbieter von \u00dcbersetzungs-, Lokalisierungs- und Content-Dienstleistungen, der sich auf die Bereitstellung qualitativ hochwertiger, professioneller Dienstleistungen und eine schnelle Auftragsabwicklung konzentriert.<\/p>\n\n\n\n<p class=\"has-text-color\" style=\"color:#332525;letter-spacing:0px\"><\/p>\n\n\n\n<p class=\"common-text has-text-color\" style=\"color:#332525;letter-spacing:0px\">Unser Ziel ist es, Unternehmen dabei zu helfen, global aufzutreten und neue M\u00e4rkte weltweit zu erreichen, indem wir \u00fcberzeugende Inhalte in extrem wettbewerbsintensiven M\u00e4rkten bereitstellen.<\/p>\n\n\n\n<p class=\"has-text-color\" style=\"color:#332525;letter-spacing:0px\"><\/p>\n\n\n\n<p class=\"common-text has-text-color\" style=\"color:#332525;letter-spacing:0px\">Das Management und die Mitarbeiter von Pangea Translation Services (Cyprus) LTD sind bestrebt, vollst\u00e4ndige und hochwertige L\u00f6sungen f\u00fcr die von unseren Kunden gestellten Aufgaben zu liefern.<\/p>\n\n\n\n<p class=\"has-text-color\" style=\"color:#332525;letter-spacing:0px\"><\/p>\n\n\n\n<p class=\"common-text has-text-color\" style=\"color:#332525;letter-spacing:0px\"><strong style=\"\n font-weight: 700 !important;\n font-family: poppins;\n letter-spacing: 0px;\n\">Wir verpflichten uns, alle Aspekte und Aktivit\u00e4ten, die mit unserem Gesch\u00e4ft zu tun haben, kontinuierlich zu verbessern, um den wachsenden<\/strong> und sich entwickelnden Anforderungen des Marktes gerecht zu werden, indem wir jede Aufgabe kreativ und gleichzeitig gesetzeskonform angehen.<\/p>\n<\/div>\n<\/div><\/section>\n\n\n\n<section class=\"wp-block-uagb-columns uagb-columns__wrap uagb-columns__stack-mobile uagb-columns__valign- uagb-columns__gap-10 align uagb-block-ead038c9 uagb-columns__columns-3 uagb-columns__max_width-custom quality-statement-image\"><div class=\"uagb-columns__overlay\"><\/div><div class=\"uagb-columns__inner-wrap uagb-columns__columns-3\">\n<div class=\"wp-block-uagb-column uagb-column__wrap uagb-column__background-undefined uagb-block-43f8fc0f\"><div class=\"uagb-column__overlay\"><\/div><div class=\"wp-block-image\">\n<figure class=\"aligncenter size-medium is-resized\"><img decoding=\"async\" src=\"https:\/\/cdn.pangea.global\/wp-content\/uploads\/2023\/03\/27124828\/ISO-INNER-PAGE-1-300x189.png\" alt=\"\" class=\"wp-image-58902\" style=\"width:280px\" width=\"280\"\/><\/figure><\/div><\/div>\n\n\n\n<div class=\"wp-block-uagb-column uagb-column__wrap uagb-column__background-undefined uagb-block-3237d2f4\"><div class=\"uagb-column__overlay\"><\/div><div class=\"wp-block-image\">\n<figure class=\"aligncenter size-medium is-resized\"><img decoding=\"async\" src=\"https:\/\/cdn.pangea.global\/wp-content\/uploads\/2023\/03\/27124840\/ISO-INNER-PAGE-2-300x188.png\" alt=\"\" class=\"wp-image-58906\" style=\"width:280px\" width=\"280\"\/><\/figure><\/div><\/div>\n\n\n\n<div class=\"wp-block-uagb-column uagb-column__wrap uagb-column__background-undefined uagb-block-15ec8293 american-image\"><div class=\"uagb-column__overlay\"><\/div><div class=\"wp-block-image\">\n<figure class=\"aligncenter size-large\"><img decoding=\"async\" width=\"1024\" height=\"643\" src=\"https:\/\/www.pangea.global\/wp-content\/uploads\/2023\/06\/ATA-V1-1024x643.png\" alt=\"\" class=\"wp-image-60851\" srcset=\"https:\/\/cdn.pangea.global\/wp-content\/uploads\/2023\/06\/27110428\/ATA-V1-1024x643.png 1024w, https:\/\/cdn.pangea.global\/wp-content\/uploads\/2023\/06\/27110428\/ATA-V1-300x188.png 300w, https:\/\/cdn.pangea.global\/wp-content\/uploads\/2023\/06\/27110428\/ATA-V1-768x483.png 768w, https:\/\/cdn.pangea.global\/wp-content\/uploads\/2023\/06\/27110428\/ATA-V1-1536x965.png 1536w, https:\/\/cdn.pangea.global\/wp-content\/uploads\/2023\/06\/27110428\/ATA-V1-2048x1287.png 2048w\" sizes=\"(max-width: 1024px) 100vw, 1024px\" \/><\/figure><\/div><\/div>\n<\/div><\/section>\n","protected":false},"excerpt":{"rendered":"<p>qualit\u00e4tserkl\u00e4rung Pangea Translation Services (Cyprus) LTD ist ein Anbieter von \u00dcbersetzungs-, Lokalisierungs- und Content-Dienstleistungen, der sich auf die Bereitstellung qualitativ hochwertiger, professioneller Dienstleistungen und eine schnelle Auftragsabwicklung konzentriert. Unser Ziel ist es, Unternehmen dabei zu helfen, global aufzutreten und neue M\u00e4rkte weltweit zu erreichen, indem wir \u00fcberzeugende Inhalte in extrem wettbewerbsintensiven M\u00e4rkten bereitstellen. Das Management<a class=\"read-more\" href=\"https:\/\/stg.pangea.global\/de\/qualitaetserklaerung\/\"> &#8230; Read More<\/a><\/p>\n","protected":false},"author":12,"featured_media":0,"parent":0,"menu_order":0,"comment_status":"closed","ping_status":"closed","template":"game-localization-sevices-new.php","meta":{"_uag_custom_page_level_css":""},"acf":[],"yoast_head":"<!-- This site is optimized with the Yoast SEO plugin v20.10 - https:\/\/yoast.com\/wordpress\/plugins\/seo\/ -->\n<title>Qualit\u00e4tserkl\u00e4rung | Pangea Localization Services<\/title>\n<meta name=\"description\" content=\"Qualit\u00e4tserkl\u00e4rung Dienstleistungen \u2713 Pangea Translation Services (Cyprus) LTD ist ein Anbieter von \u00dcbersetzungs-, Lokalisierungs- und Content-Dienstleistungen, der sich auf die Bereitstellung qualitativ hochwertiger, professioneller Dienstleistungen und eine schnelle Auftragsabwicklung konzentriert. Fordern Sie jetzt ein unverbindliches Angebot an! \u2713100 % Kundenzufriedenheit \u271370+ Sprachen \u2713ISO-ZERTIFIZIERUNG Lieferung am selben Tag\" \/>\n<meta name=\"robots\" content=\"index, follow, max-snippet:-1, max-image-preview:large, max-video-preview:-1\" \/>\n<link rel=\"canonical\" href=\"https:\/\/stg.pangea.global\/de\/qualitaetserklaerung\/\" \/>\n<meta name=\"twitter:label1\" content=\"Est. reading time\" \/>\n\t<meta name=\"twitter:data1\" content=\"1 Minute\" \/>\n<!-- \/ Yoast SEO plugin. -->","yoast_head_json":{"title":"Qualit\u00e4tserkl\u00e4rung | Pangea Localization Services","description":"Qualit\u00e4tserkl\u00e4rung Dienstleistungen \u2713 Pangea Translation Services (Cyprus) LTD ist ein Anbieter von \u00dcbersetzungs-, Lokalisierungs- und Content-Dienstleistungen, der sich auf die Bereitstellung qualitativ hochwertiger, professioneller Dienstleistungen und eine schnelle Auftragsabwicklung konzentriert. Fordern Sie jetzt ein unverbindliches Angebot an! \u2713100 % Kundenzufriedenheit \u271370+ Sprachen \u2713ISO-ZERTIFIZIERUNG Lieferung am selben Tag","robots":{"index":"index","follow":"follow","max-snippet":"max-snippet:-1","max-image-preview":"max-image-preview:large","max-video-preview":"max-video-preview:-1"},"canonical":"https:\/\/stg.pangea.global\/de\/qualitaetserklaerung\/","twitter_misc":{"Est. reading time":"1 Minute"},"schema":{"@context":"https:\/\/schema.org","@graph":[{"@type":"WebPage","@id":"https:\/\/stg.pangea.global\/de\/qualitaetserklaerung\/","url":"https:\/\/stg.pangea.global\/de\/qualitaetserklaerung\/","name":"Qualit\u00e4tserkl\u00e4rung | Pangea Localization Services","isPartOf":{"@id":"https:\/\/stg.pangea.global\/#website"},"datePublished":"2023-01-06T12:45:07+00:00","dateModified":"2024-01-02T07:54:19+00:00","description":"Qualit\u00e4tserkl\u00e4rung Dienstleistungen \u2713 Pangea Translation Services (Cyprus) LTD ist ein Anbieter von \u00dcbersetzungs-, Lokalisierungs- und Content-Dienstleistungen, der sich auf die Bereitstellung qualitativ hochwertiger, professioneller Dienstleistungen und eine schnelle Auftragsabwicklung konzentriert. Fordern Sie jetzt ein unverbindliches Angebot an! \u2713100 % Kundenzufriedenheit \u271370+ Sprachen \u2713ISO-ZERTIFIZIERUNG Lieferung am selben Tag","breadcrumb":{"@id":"https:\/\/stg.pangea.global\/de\/qualitaetserklaerung\/#breadcrumb"},"inLanguage":"de-DE","potentialAction":[{"@type":"ReadAction","target":["https:\/\/stg.pangea.global\/de\/qualitaetserklaerung\/"]}]},{"@type":"BreadcrumbList","@id":"https:\/\/stg.pangea.global\/de\/qualitaetserklaerung\/#breadcrumb","itemListElement":[{"@type":"ListItem","position":1,"name":"Home","item":"https:\/\/stg.pangea.global\/de\/"},{"@type":"ListItem","position":2,"name":"Qualit\u00e4tserkl\u00e4rung"}]},{"@type":"WebSite","@id":"https:\/\/stg.pangea.global\/#website","url":"https:\/\/stg.pangea.global\/","name":"Pangea Localization Services","description":"For Professionals, By Professionals","potentialAction":[{"@type":"SearchAction","target":{"@type":"EntryPoint","urlTemplate":"https:\/\/stg.pangea.global\/?s={search_term_string}"},"query-input":"required name=search_term_string"}],"inLanguage":"de-DE"}]}},"uagb_featured_image_src":{"full":false,"thumbnail":false,"medium":false,"medium_large":false,"large":false,"1536x1536":false,"2048x2048":false},"uagb_author_info":{"display_name":"Maksym","author_link":"https:\/\/stg.pangea.global\/de\/blog\/author\/developer\/"},"uagb_comment_info":0,"uagb_excerpt":"qualit\u00e4tserkl\u00e4rung Pangea Translation Services (Cyprus) LTD ist ein Anbieter von \u00dcbersetzungs-, Lokalisierungs- und Content-Dienstleistungen, der sich auf die Bereitstellung qualitativ hochwertiger, professioneller Dienstleistungen und eine schnelle Auftragsabwicklung konzentriert. Unser Ziel ist es, Unternehmen dabei zu helfen, global aufzutreten und neue M\u00e4rkte weltweit zu erreichen, indem wir \u00fcberzeugende Inhalte in extrem wettbewerbsintensiven M\u00e4rkten bereitstellen. Das Management&hellip;","_links":{"self":[{"href":"https:\/\/stg.pangea.global\/de\/wp-json\/wp\/v2\/pages\/68326"}],"collection":[{"href":"https:\/\/stg.pangea.global\/de\/wp-json\/wp\/v2\/pages"}],"about":[{"href":"https:\/\/stg.pangea.global\/de\/wp-json\/wp\/v2\/types\/page"}],"author":[{"embeddable":true,"href":"https:\/\/stg.pangea.global\/de\/wp-json\/wp\/v2\/users\/12"}],"replies":[{"embeddable":true,"href":"https:\/\/stg.pangea.global\/de\/wp-json\/wp\/v2\/comments?post=68326"}],"version-history":[{"count":3,"href":"https:\/\/stg.pangea.global\/de\/wp-json\/wp\/v2\/pages\/68326\/revisions"}],"predecessor-version":[{"id":70335,"href":"https:\/\/stg.pangea.global\/de\/wp-json\/wp\/v2\/pages\/68326\/revisions\/70335"}],"wp:attachment":[{"href":"https:\/\/stg.pangea.global\/de\/wp-json\/wp\/v2\/media?parent=68326"}],"curies":[{"name":"wp","href":"https:\/\/api.w.org\/{rel}","templated":true}]}}