  {"id":68327,"date":"2023-04-04T15:44:59","date_gmt":"2023-04-04T12:44:59","guid":{"rendered":"https:\/\/www.pangea.global\/?page_id=68327"},"modified":"2024-01-02T09:58:23","modified_gmt":"2024-01-02T07:58:23","slug":"kontaktieren-sie-uns","status":"publish","type":"page","link":"https:\/\/stg.pangea.global\/de\/kontaktieren-sie-uns\/","title":{"rendered":"Kontaktieren Sie uns"},"content":{"rendered":"\n<section class=\"wp-block-uagb-columns uagb-columns__wrap uagb-columns__background-none uagb-columns__stack-mobile uagb-columns__valign- uagb-columns__gap-10 align uagb-block-ec127165 uagb-columns__columns-1 uagb-columns__max_width-theme\"><div class=\"uagb-columns__overlay\"><\/div><div class=\"uagb-columns__inner-wrap uagb-columns__columns-1\">\n<div class=\"wp-block-uagb-column uagb-column__wrap uagb-column__background-undefined uagb-block-49fb1193\"><div class=\"uagb-column__overlay\"><\/div><div class=\"wp-block-image\">\n<figure class=\"aligncenter size-large is-resized\"><img decoding=\"async\" src=\"https:\/\/cdn.pangea.global\/wp-content\/uploads\/2023\/03\/28145800\/Persona-Contact-Us-min-1024x443.png\" alt=\"\" class=\"wp-image-58967\" style=\"width:724px\" width=\"724\"\/><\/figure><\/div><\/div>\n<\/div><\/section>\n\n\n\n<section class=\"wp-block-uagb-columns uagb-columns__wrap uagb-columns__background-none uagb-columns__stack-mobile uagb-columns__valign- uagb-columns__gap-10 align uagb-block-0f9e712e uagb-columns__columns-1 uagb-columns__max_width-custom quality-statement-text contact-us-sec-wrap\"><div class=\"uagb-columns__overlay\"><\/div><div class=\"uagb-columns__inner-wrap uagb-columns__columns-1\">\n<div class=\"wp-block-uagb-column uagb-column__wrap uagb-column__background-undefined uagb-block-0c049ec3 quality-statement-content common-text\"><div class=\"uagb-column__overlay\"><\/div>\n<h1 class=\"wp-block-heading has-text-align-center has-text-color\" style=\"color:#332525;font-style:normal;font-weight:600;text-transform:uppercase\">KONTAKTIEREN SIE UNS<\/h1>\n\n\n\n<h2 class=\"wp-block-heading has-text-align-center\" style=\"font-size:25px;font-style:normal;font-weight:700;text-transform:uppercase\">lassen Sie uns Ihre Anfrage pr\u00fcfen<\/h2>\n\n\n\n<div class=\"wp-block-group contact-us-title is-layout-flow\"><div class=\"wp-block-group__inner-container\">\n<div class=\"wpcf7 no-js\" id=\"wpcf7-f1376-o1\" lang=\"en-US\" dir=\"ltr\">\n<div class=\"screen-reader-response\"><p role=\"status\" aria-live=\"polite\" aria-atomic=\"true\"><\/p> <ul><\/ul><\/div>\n<form action=\"\/de\/wp-json\/wp\/v2\/pages\/68327#wpcf7-f1376-o1\" method=\"post\" class=\"wpcf7-form init\" aria-label=\"Contact form\" novalidate=\"novalidate\" data-status=\"init\">\n<div style=\"display: none;\">\n<input type=\"hidden\" name=\"_wpcf7\" value=\"1376\" \/>\n<input type=\"hidden\" name=\"_wpcf7_version\" value=\"5.7.7\" \/>\n<input type=\"hidden\" name=\"_wpcf7_locale\" value=\"en_US\" \/>\n<input type=\"hidden\" name=\"_wpcf7_unit_tag\" value=\"wpcf7-f1376-o1\" \/>\n<input type=\"hidden\" name=\"_wpcf7_container_post\" value=\"0\" \/>\n<input type=\"hidden\" name=\"_wpcf7_posted_data_hash\" value=\"\" \/>\n<input type=\"hidden\" name=\"_wpcf7_recaptcha_response\" value=\"\" \/>\n<\/div>\n<div class=\"flexbox contact_form_page\" style=\"justify-content: center;\">\n  <div class=\"form-input-left\"><input class=\"wpcf7-form-control wpcf7-hidden\" id=\"client_id\" value=\"\" type=\"hidden\" name=\"client_id\" \/>\n<input type=\"hidden\" name=\"client_ip\" id=\"client_ip\" value=\"172.17.0.1\"\/>\n<input class=\"wpcf7-form-control wpcf7-hidden\" value=\"\" type=\"hidden\" name=\"country\" \/>\n<input class=\"wpcf7-form-control wpcf7-hidden\" id=\"facebook_id\" value=\"\" type=\"hidden\" name=\"facebook_id\" \/>\n<input class=\"wpcf7-form-control wpcf7-hidden\" value=\"\" type=\"hidden\" name=\"source\" \/>\n   <ul>\n      <li><span class=\"wpcf7-form-control-wrap\" data-name=\"your-name\"><input size=\"40\" class=\"wpcf7-form-control wpcf7-text wpcf7-validates-as-required\" aria-required=\"true\" aria-invalid=\"false\" placeholder=\"Full Name *\" value=\"\" type=\"text\" name=\"your-name\" \/><\/span>  <\/li>\n\n   <li><span class=\"wpcf7-form-control-wrap\" data-name=\"your-email\"><input size=\"40\" class=\"wpcf7-form-control wpcf7-text wpcf7-email wpcf7-validates-as-required wpcf7-validates-as-email\" aria-required=\"true\" aria-invalid=\"false\" placeholder=\"Email*\" value=\"\" type=\"email\" name=\"your-email\" \/><\/span><\/li>\n\n    <li><span class=\"wpcf7-form-control-wrap\" data-name=\"your-tel\"><input size=\"40\" class=\"wpcf7-form-control wpcf7-text wpcf7-tel wpcf7-validates-as-tel\" aria-invalid=\"false\" placeholder=\"Phone\" value=\"\" type=\"tel\" name=\"your-tel\" \/><\/span><\/li>\n <\/ul>\n\n  <\/div>\n  \n  <div class=\"form_vc_page_textarea__wrapper form-input-right\">\n\n    <span class=\"wpcf7-form-control-wrap\" data-name=\"your-message\"><textarea cols=\"40\" rows=\"7\" class=\"wpcf7-form-control wpcf7-textarea\" aria-invalid=\"false\" placeholder=\"Message\" name=\"your-message\"><\/textarea><\/span>\n   \n  <\/div>\n<\/div>\n  <div class=\"contact-btn\" style=\"text-align: center;\">\n <span class=\"wpcf7-form-control-wrap recaptcha\" data-name=\"recaptcha\"><span data-sitekey=\"6Let3QgbAAAAAO4nolyaWlcFgS3kJGHutC8V22oD\" data-align=\"center\" class=\"wpcf7-form-control g-recaptcha wpcf7-recaptcha\" id=\"g-captcha\"><\/span>\r\n<noscript>\r\n\t<div class=\"grecaptcha-noscript\">\r\n\t\t<iframe src=\"https:\/\/www.google.com\/recaptcha\/api\/fallback?k=6Let3QgbAAAAAO4nolyaWlcFgS3kJGHutC8V22oD\" frameborder=\"0\" scrolling=\"no\" width=\"310\" height=\"430\">\r\n\t\t<\/iframe>\r\n\t\t<textarea name=\"g-recaptcha-response\" rows=\"3\" cols=\"40\" placeholder=\"reCaptcha Response Here\">\r\n\t\t<\/textarea>\r\n\t<\/div>\r\n<\/noscript>\r\n<\/span>\n <span id=\"wpcf7-69ddc3878a05a-wrapper\" class=\"wpcf7-form-control-wrap honeypot-608-wrap\"><label for=\"contactpot\" class=\"hp-message\">Please leave this field empty.<\/label><input id=\"contactpot\"  class=\"wpcf7-form-control wpcf7-text\" type=\"text\" name=\"honeypot-608\" value=\"\" size=\"40\" tabindex=\"-1\" autocomplete=\"new-password\" \/><\/span>\n        <input class=\"wpcf7-form-control has-spinner wpcf7-submit\" type=\"submit\" value=\"Contact Us\" \/>\n     <\/div>\n<style>\n.wpcf7-form-control.wpcf7-submit{\n    width: 100%;\n    max-width: 305px;\n}\ndiv.wpcf7 .ajax-loader {\n  display: none;\n}\n.contact_form_page div:first-child{\n  padding-right: 15px;\n}\n.contact_form_page span input,\n.contact_form_page span textarea{\n  width: 100%;\n}\n@media screen and (max-width: 600px) {\n    .contact_form_page {\n        flex-wrap: wrap;\npadding:20px;\n\n    }\n.contact_form_page input{\nmargin-bottom:20px;\n}\n  .contact_form_page div:first-child{\n      padding-right: 0;\n   }\n}\n<\/style><p style=\"display: none !important;\"><label>&#916;<textarea name=\"_wpcf7_ak_hp_textarea\" cols=\"45\" rows=\"8\" maxlength=\"100\"><\/textarea><\/label><input type=\"hidden\" id=\"ak_js_1\" name=\"_wpcf7_ak_js\" value=\"243\"\/><script>document.getElementById( \"ak_js_1\" ).setAttribute( \"value\", ( new Date() ).getTime() );<\/script><\/p><div class=\"wpcf7-response-output\" aria-hidden=\"true\"><\/div>\n<\/form>\n<\/div>\n\n<\/div><\/div>\n<\/div>\n<\/div><\/section>\n\n\n\n<section class=\"wp-block-uagb-columns uagb-columns__wrap uagb-columns__background-none uagb-columns__stack-mobile uagb-columns__valign- uagb-columns__gap-10 align uagb-block-61abfc69 uagb-columns__columns-1 uagb-columns__max_width-custom pangea-translation-services\"><div class=\"uagb-columns__overlay\"><\/div><div class=\"uagb-columns__inner-wrap uagb-columns__columns-1\">\n<div class=\"wp-block-uagb-column uagb-column__wrap uagb-column__background-undefined uagb-block-61a311f8 service-ltd\"><div class=\"uagb-column__overlay\"><\/div>\n<h2 class=\"wp-block-heading has-text-align-center has-text-color has-medium-font-size\" style=\"color:#332525;font-style:normal;font-weight:700;text-transform:uppercase\">Pangea Translation Services LTD<\/h2>\n\n\n\n<section class=\"wp-block-uagb-columns uagb-columns__wrap uagb-columns__background-none uagb-columns__stack-mobile uagb-columns__valign- uagb-columns__gap-10 align uagb-block-71701ab6 uagb-columns__columns-2 uagb-columns__max_width-custom contact-us-details\"><div class=\"uagb-columns__overlay\"><\/div><div class=\"uagb-columns__inner-wrap uagb-columns__columns-2\">\n<div class=\"wp-block-uagb-column uagb-column__wrap uagb-column__background-undefined uagb-block-480ffe9d contact-us-details-inner\"><div class=\"uagb-column__overlay\"><\/div>\n<h2 class=\"wp-block-heading has-text-align-center has-text-color\" style=\"color:#4ba5a5;font-size:25px;font-style:normal;font-weight:600\">Gesch\u00e4ftsstelle Limassol<\/h2>\n\n\n\n<p>Arch.Leontiou A\u2019 254, 3020 Limassol, Zypern<\/p>\n\n\n\n<p class=\"office\">B\u00fcro: <a href=\"tel:35725252150\">+357 25 252 150<\/a><\/p>\n<\/div>\n\n\n\n<div class=\"wp-block-uagb-column uagb-column__wrap uagb-column__background-undefined uagb-block-a075cc0a contact-us-details-inner\"><div class=\"uagb-column__overlay\"><\/div>\n<h2 class=\"wp-block-heading has-text-align-center has-text-color\" style=\"color:#4ba5a5;font-size:25px;font-style:normal;font-weight:600\">Gesch\u00e4ftsstelle Kiew<\/h2>\n\n\n\n<p>Mezhyhirska Stra\u00dfe, 3\/7, B\u00fcro 28, 04071 Kiew, Ukraine<\/p>\n\n\n\n<p class=\"office\">B\u00fcro: <a href=\"tel:380443395212\">+380443395212<\/a><\/p>\n<\/div>\n<\/div><\/section>\n\n\n\n<section class=\"wp-block-uagb-columns uagb-columns__wrap uagb-columns__background-none uagb-columns__stack-mobile uagb-columns__valign- uagb-columns__gap-10 align uagb-block-06181300 uagb-columns__columns-2 uagb-columns__max_width-custom contact-us-details\"><div class=\"uagb-columns__overlay\"><\/div><div class=\"uagb-columns__inner-wrap uagb-columns__columns-2\">\n<div class=\"wp-block-uagb-column uagb-column__wrap uagb-column__background-undefined uagb-block-bb5c6023 contact-us-details-inner\"><div class=\"uagb-column__overlay\"><\/div>\n<h2 class=\"wp-block-heading has-text-align-center has-text-color\" style=\"color:#4ba5a5;font-size:25px;font-style:normal;font-weight:600\">Gesch\u00e4ftsstelle London<\/h2>\n\n\n\n<p>B\u00fcro 58A 182 \u2013 184 High Street North East Ham London E6 2JA<\/p>\n\n\n\n<p class=\"office\">B\u00fcro: <a href=\"tel:+442037695126\">+442037695126<\/a><\/p>\n<\/div>\n\n\n\n<div class=\"wp-block-uagb-column uagb-column__wrap uagb-column__background-undefined uagb-block-aecd7c40 contact-us-details-inner\"><div class=\"uagb-column__overlay\"><\/div>\n<h2 class=\"wp-block-heading has-text-align-center has-text-color\" style=\"color:#4ba5a5;font-size:25px;font-style:normal;font-weight:600\">Gesch\u00e4ftsstelle Boston<\/h2>\n\n\n\n<p>867 Boylston Street, Boston, MA 02116, Vereinigte Staaten<\/p>\n\n\n\n<p class=\"office\">B\u00fcro: <a href=\"tel:380443395212\">+380443395212<\/a><\/p>\n<\/div>\n<\/div><\/section>\n\n\n\n<section class=\"wp-block-uagb-columns uagb-columns__wrap uagb-columns__background-none uagb-columns__stack-mobile uagb-columns__valign- uagb-columns__gap-10 align uagb-block-f9dcbe45 uagb-columns__columns-1 uagb-columns__max_width-custom contact-us-details\"><div class=\"uagb-columns__overlay\"><\/div><div class=\"uagb-columns__inner-wrap uagb-columns__columns-1\">\n<div class=\"wp-block-uagb-column uagb-column__wrap uagb-column__background-undefined uagb-block-00af205b contact-us-details-inner\"><div class=\"uagb-column__overlay\"><\/div>\n<h2 class=\"wp-block-heading has-text-align-center has-text-color\" style=\"color:#4ba5a5;font-size:25px;font-style:normal;font-weight:600\">Krakow Office<\/h2>\n\n\n\n<p>Plac Wolnica, nr 13, lok 10. Krakow, 31-060<br \/>Polska.<\/p>\n\n\n\n<p class=\"office\">Office: <a href=\"tel:+48123450280\">+48123450280<\/a><\/p>\n<\/div>\n<\/div><\/section>\n<\/div>\n<\/div><\/section>\n","protected":false},"excerpt":{"rendered":"<p>KONTAKTIEREN SIE UNS lassen Sie uns Ihre Anfrage pr\u00fcfen Pangea Translation Services LTD Gesch\u00e4ftsstelle Limassol Arch.Leontiou A\u2019 254, 3020 Limassol, Zypern B\u00fcro: +357 25 252 150 Gesch\u00e4ftsstelle Kiew Mezhyhirska Stra\u00dfe, 3\/7, B\u00fcro 28, 04071 Kiew, Ukraine B\u00fcro: +380443395212 Gesch\u00e4ftsstelle London B\u00fcro 58A 182 \u2013 184 High Street North East Ham London E6 2JA B\u00fcro: +442037695126<a class=\"read-more\" href=\"https:\/\/stg.pangea.global\/de\/kontaktieren-sie-uns\/\"> &#8230; Read More<\/a><\/p>\n","protected":false},"author":12,"featured_media":27035,"parent":0,"menu_order":0,"comment_status":"closed","ping_status":"closed","template":"game-localization-sevices-new.php","meta":{"_uag_custom_page_level_css":""},"acf":[],"yoast_head":"<!-- This site is optimized with the Yoast SEO plugin v20.10 - https:\/\/yoast.com\/wordpress\/plugins\/seo\/ -->\n<title>Kontaktieren Sie uns | Pangea Localization Services %<\/title>\n<meta name=\"description\" content=\"Kontaktieren Sie uns und erhalten Sie Ihr perfektes \u00dcbersetzungs- und Lokalisierungsergebnis. Fordern Sie jetzt ein unverbindliches Angebot an! \u2713100 % Kundenzufriedenheit \u271370+ Sprachen \u2713ISO-ZERTIFIZIERUNG Lieferung am selben Tag\" \/>\n<meta name=\"robots\" content=\"index, follow, max-snippet:-1, max-image-preview:large, max-video-preview:-1\" \/>\n<link rel=\"canonical\" href=\"https:\/\/stg.pangea.global\/de\/kontaktieren-sie-uns\/\" \/>\n<!-- \/ Yoast SEO plugin. -->","yoast_head_json":{"title":"Kontaktieren Sie uns | Pangea Localization Services %","description":"Kontaktieren Sie uns und erhalten Sie Ihr perfektes \u00dcbersetzungs- und Lokalisierungsergebnis. Fordern Sie jetzt ein unverbindliches Angebot an! \u2713100 % Kundenzufriedenheit \u271370+ Sprachen \u2713ISO-ZERTIFIZIERUNG Lieferung am selben Tag","robots":{"index":"index","follow":"follow","max-snippet":"max-snippet:-1","max-image-preview":"max-image-preview:large","max-video-preview":"max-video-preview:-1"},"canonical":"https:\/\/stg.pangea.global\/de\/kontaktieren-sie-uns\/","schema":{"@context":"https:\/\/schema.org","@graph":[{"@type":"WebPage","@id":"https:\/\/stg.pangea.global\/de\/kontaktieren-sie-uns\/","url":"https:\/\/stg.pangea.global\/de\/kontaktieren-sie-uns\/","name":"Kontaktieren Sie uns | Pangea Localization Services %","isPartOf":{"@id":"https:\/\/stg.pangea.global\/#website"},"datePublished":"2023-04-04T12:44:59+00:00","dateModified":"2024-01-02T07:58:23+00:00","description":"Kontaktieren Sie uns und erhalten Sie Ihr perfektes \u00dcbersetzungs- und Lokalisierungsergebnis. Fordern Sie jetzt ein unverbindliches Angebot an! \u2713100 % Kundenzufriedenheit \u271370+ Sprachen \u2713ISO-ZERTIFIZIERUNG Lieferung am selben Tag","breadcrumb":{"@id":"https:\/\/stg.pangea.global\/de\/kontaktieren-sie-uns\/#breadcrumb"},"inLanguage":"de-DE","potentialAction":[{"@type":"ReadAction","target":["https:\/\/stg.pangea.global\/de\/kontaktieren-sie-uns\/"]}]},{"@type":"BreadcrumbList","@id":"https:\/\/stg.pangea.global\/de\/kontaktieren-sie-uns\/#breadcrumb","itemListElement":[{"@type":"ListItem","position":1,"name":"Home","item":"https:\/\/stg.pangea.global\/de\/"},{"@type":"ListItem","position":2,"name":"Kontaktieren Sie uns"}]},{"@type":"WebSite","@id":"https:\/\/stg.pangea.global\/#website","url":"https:\/\/stg.pangea.global\/","name":"Pangea Localization Services","description":"For Professionals, By Professionals","potentialAction":[{"@type":"SearchAction","target":{"@type":"EntryPoint","urlTemplate":"https:\/\/stg.pangea.global\/?s={search_term_string}"},"query-input":"required name=search_term_string"}],"inLanguage":"de-DE"}]}},"uagb_featured_image_src":{"full":["https:\/\/stg.pangea.global\/wp-content\/uploads\/2021\/03\/translation_main.jpg",1903,619,false],"thumbnail":["https:\/\/stg.pangea.global\/wp-content\/uploads\/2021\/03\/translation_main-150x150.jpg",150,150,true],"medium":["https:\/\/stg.pangea.global\/wp-content\/uploads\/2021\/03\/translation_main-300x98.jpg",300,98,true],"medium_large":["https:\/\/stg.pangea.global\/wp-content\/uploads\/2021\/03\/translation_main-768x250.jpg",768,250,true],"large":["https:\/\/stg.pangea.global\/wp-content\/uploads\/2021\/03\/translation_main-1024x333.jpg",1024,333,true],"1536x1536":["https:\/\/stg.pangea.global\/wp-content\/uploads\/2021\/03\/translation_main-1536x500.jpg",1536,500,true],"2048x2048":["https:\/\/stg.pangea.global\/wp-content\/uploads\/2021\/03\/translation_main.jpg",1903,619,false]},"uagb_author_info":{"display_name":"Maksym","author_link":"https:\/\/stg.pangea.global\/de\/blog\/author\/developer\/"},"uagb_comment_info":0,"uagb_excerpt":"KONTAKTIEREN SIE UNS lassen Sie uns Ihre Anfrage pr\u00fcfen Pangea Translation Services LTD Gesch\u00e4ftsstelle Limassol Arch.Leontiou A\u2019 254, 3020 Limassol, Zypern B\u00fcro: +357 25 252 150 Gesch\u00e4ftsstelle Kiew Mezhyhirska Stra\u00dfe, 3\/7, B\u00fcro 28, 04071 Kiew, Ukraine B\u00fcro: +380443395212 Gesch\u00e4ftsstelle London B\u00fcro 58A 182 \u2013 184 High Street North East Ham London E6 2JA B\u00fcro: +442037695126&hellip;","_links":{"self":[{"href":"https:\/\/stg.pangea.global\/de\/wp-json\/wp\/v2\/pages\/68327"}],"collection":[{"href":"https:\/\/stg.pangea.global\/de\/wp-json\/wp\/v2\/pages"}],"about":[{"href":"https:\/\/stg.pangea.global\/de\/wp-json\/wp\/v2\/types\/page"}],"author":[{"embeddable":true,"href":"https:\/\/stg.pangea.global\/de\/wp-json\/wp\/v2\/users\/12"}],"replies":[{"embeddable":true,"href":"https:\/\/stg.pangea.global\/de\/wp-json\/wp\/v2\/comments?post=68327"}],"version-history":[{"count":3,"href":"https:\/\/stg.pangea.global\/de\/wp-json\/wp\/v2\/pages\/68327\/revisions"}],"predecessor-version":[{"id":70339,"href":"https:\/\/stg.pangea.global\/de\/wp-json\/wp\/v2\/pages\/68327\/revisions\/70339"}],"wp:featuredmedia":[{"embeddable":true,"href":"https:\/\/stg.pangea.global\/de\/wp-json\/wp\/v2\/media\/27035"}],"wp:attachment":[{"href":"https:\/\/stg.pangea.global\/de\/wp-json\/wp\/v2\/media?parent=68327"}],"curies":[{"name":"wp","href":"https:\/\/api.w.org\/{rel}","templated":true}]}}