  {"id":68317,"date":"2023-04-04T15:24:22","date_gmt":"2023-04-04T12:24:22","guid":{"rendered":"https:\/\/www.pangea.global\/?page_id=68317"},"modified":"2024-01-03T11:35:41","modified_gmt":"2024-01-03T09:35:41","slug":"certificaciones","status":"publish","type":"page","link":"https:\/\/stg.pangea.global\/es\/certificaciones\/","title":{"rendered":"Certificaciones"},"content":{"rendered":"\n<section class=\"wp-block-uagb-columns uagb-columns__wrap uagb-columns__stack-mobile uagb-columns__valign- uagb-columns__gap-10 align uagb-block-f3cc10f2 uagb-columns__columns-1 uagb-columns__max_width-theme\"><div class=\"uagb-columns__overlay\"><\/div><div class=\"uagb-columns__inner-wrap uagb-columns__columns-1\">\n<div class=\"wp-block-uagb-column uagb-column__wrap uagb-column__background-undefined uagb-block-613dcede\"><div class=\"uagb-column__overlay\"><\/div><div class=\"wp-block-image\">\n<figure class=\"aligncenter size-large is-resized\"><img decoding=\"async\" src=\"https:\/\/cdn.pangea.global\/wp-content\/uploads\/2023\/03\/27131905\/Persona-Certifications-1024x518.png\" alt=\"\" class=\"wp-image-58921\" style=\"width:724px;height:500px\" width=\"724\" height=\"500\"\/><\/figure><\/div><\/div>\n<\/div><\/section>\n\n\n\n<section class=\"wp-block-uagb-columns uagb-columns__wrap uagb-columns__stack-mobile uagb-columns__valign- uagb-columns__gap-10 align uagb-block-b9f1391b uagb-columns__columns-1 uagb-columns__max_width-custom quality-statement-text\"><div class=\"uagb-columns__overlay\"><\/div><div class=\"uagb-columns__inner-wrap uagb-columns__columns-1\">\n<div class=\"wp-block-uagb-column uagb-column__wrap uagb-column__background-undefined uagb-block-48462ac9 quality-statement-content common-text text-justfiy\"><div class=\"uagb-column__overlay\"><\/div>\n<h1 class=\"wp-block-heading has-text-align-center has-text-color\" style=\"color:#332525;font-style:normal;font-weight:600;text-transform:uppercase\">Servicios de traducci\u00f3n certificada\/jurada<\/h1>\n\n\n\n<p class=\"common-text\">Pangea Localization Services ha obtenido la certificaci\u00f3n ISO gracias a sus continuos esfuerzos por ofrecer soluciones ling\u00fc\u00edsticas profesionales y de calidad.<\/p>\n\n\n\n<p class=\"common-text\">La certificaci\u00f3n ISO 17100:2015-05-01 se conf\u00eda a proveedores de servicios ling\u00fc\u00edsticos que cumplen los procesos de garant\u00eda de calidad m\u00e1s estrictos. Pangea se enorgullece de cumplir todas las normas establecidas por el LICS (Sistema de Certificaci\u00f3n de la Industria Ling\u00fc\u00edstica), lo que garantiza la constancia de la calidad de nuestras traducciones y servicios.<\/p>\n\n\n\n<p style=\"font-size:25px;font-style:normal;font-weight:700;text-transform:uppercase\"><strong>Nuestro compromiso con la calidad<\/strong><\/p>\n\n\n\n<p>Siempre nos esforzaremos por satisfacer las necesidades de los clientes y cumplir lo prometido. Pangea ejerce rigurosos controles a la hora de seleccionar a los traductores y revisores, mientras que nuestros gestores de proyectos siguen las directrices m\u00e1s estrictas para garantizar la calidad general de nuestros servicios de traducci\u00f3n y localizaci\u00f3n.<\/p>\n\n\n\n<p>La certificaci\u00f3n ISO es una marca de excelencia de cuya obtenci\u00f3n no podr\u00edamos estar m\u00e1s orgullosos. Los clientes pueden estar seguros de la competencia y satisfacci\u00f3n de nuestras soluciones ling\u00fc\u00edsticas, ya que cada trabajo se procesa siguiendo las normas de garant\u00eda de calidad m\u00e1s exigentes.<\/p>\n\n\n\n<p style=\"font-size:25px;font-style:normal;font-weight:700;text-transform:uppercase\"><strong>No nos conformamos<\/strong><\/p>\n\n\n\n<p>Incluso despu\u00e9s de convertirse en proveedor oficial de servicios de traducci\u00f3n certificados, Pangea seguir\u00e1 esforz\u00e1ndose por conseguir una excelencia a\u00f1adida y trabajar\u00e1 siempre para mejorar sus servicios. La calidad es lo primero, por lo que nuestro equipo har\u00e1 todo lo necesario para lograr una mayor satisfacci\u00f3n del cliente.<\/p>\n<\/div>\n<\/div><\/section>\n\n\n\n<section class=\"wp-block-uagb-columns uagb-columns__wrap uagb-columns__stack-mobile uagb-columns__valign- uagb-columns__gap-10 align uagb-block-fbf629c4 uagb-columns__columns-2 uagb-columns__max_width-custom image-centerlogo\"><div class=\"uagb-columns__overlay\"><\/div><div class=\"uagb-columns__inner-wrap uagb-columns__columns-2\">\n<div class=\"wp-block-uagb-column uagb-column__wrap uagb-column__background-undefined uagb-block-48c05d17\"><div class=\"uagb-column__overlay\"><\/div><div class=\"wp-block-image\">\n<figure class=\"alignright size-full is-resized\"><img decoding=\"async\" src=\"https:\/\/cdn.pangea.global\/wp-content\/uploads\/2023\/03\/27124828\/ISO-INNER-PAGE-1.png\" alt=\"\" class=\"wp-image-58902\" style=\"width:280px\" width=\"280\"\/><\/figure><\/div><\/div>\n\n\n\n<div class=\"wp-block-uagb-column uagb-column__wrap uagb-column__background-undefined uagb-block-223bbdf3\"><div class=\"uagb-column__overlay\"><\/div><div class=\"wp-block-image\">\n<figure class=\"alignleft size-full is-resized\"><img decoding=\"async\" src=\"https:\/\/cdn.pangea.global\/wp-content\/uploads\/2023\/03\/27124840\/ISO-INNER-PAGE-2.png\" alt=\"\" class=\"wp-image-58906\" style=\"width:280px\" width=\"280\"\/><\/figure><\/div><\/div>\n<\/div><\/section>\n","protected":false},"excerpt":{"rendered":"<p>Servicios de traducci\u00f3n certificada\/jurada Pangea Localization Services ha obtenido la certificaci\u00f3n ISO gracias a sus continuos esfuerzos por ofrecer soluciones ling\u00fc\u00edsticas profesionales y de calidad. La certificaci\u00f3n ISO 17100:2015-05-01 se conf\u00eda a proveedores de servicios ling\u00fc\u00edsticos que cumplen los procesos de garant\u00eda de calidad m\u00e1s estrictos. Pangea se enorgullece de cumplir todas las normas establecidas<a class=\"read-more\" href=\"https:\/\/stg.pangea.global\/es\/certificaciones\/\"> &#8230; Read More<\/a><\/p>\n","protected":false},"author":12,"featured_media":27036,"parent":0,"menu_order":0,"comment_status":"closed","ping_status":"closed","template":"game-localization-sevices-new.php","meta":{"_uag_custom_page_level_css":""},"acf":[],"yoast_head":"<!-- This site is optimized with the Yoast SEO plugin v20.10 - https:\/\/yoast.com\/wordpress\/plugins\/seo\/ -->\n<title>Servicios de traducci\u00f3n certificada: ISO 17100:2015<\/title>\n<meta name=\"description\" content=\"Servicios de traducci\u00f3n certificada; Pangea Localization Services ha conseguido su certificaci\u00f3n ISO gracias a sus continuos esfuerzos por ofrecer soluciones ling\u00fc\u00edsticas profesionales y de calidad. \u00a1Pide ya un presupuesto gratuito! \u2713Un 100 % de clientes satisfechos \u2713M\u00e1s de 70 idiomas \u2713CERTIFICACI\u00d3N ISO \u2713Entrega el mismo d\u00eda\" \/>\n<meta name=\"robots\" content=\"index, follow, max-snippet:-1, max-image-preview:large, max-video-preview:-1\" \/>\n<link rel=\"canonical\" href=\"https:\/\/stg.pangea.global\/certifications\/\" \/>\n<meta name=\"twitter:label1\" content=\"Est. reading time\" \/>\n\t<meta name=\"twitter:data1\" content=\"1 minuto\" \/>\n<!-- \/ Yoast SEO plugin. -->","yoast_head_json":{"title":"Servicios de traducci\u00f3n certificada: ISO 17100:2015","description":"Servicios de traducci\u00f3n certificada; Pangea Localization Services ha conseguido su certificaci\u00f3n ISO gracias a sus continuos esfuerzos por ofrecer soluciones ling\u00fc\u00edsticas profesionales y de calidad. \u00a1Pide ya un presupuesto gratuito! \u2713Un 100 % de clientes satisfechos \u2713M\u00e1s de 70 idiomas \u2713CERTIFICACI\u00d3N ISO \u2713Entrega el mismo d\u00eda","robots":{"index":"index","follow":"follow","max-snippet":"max-snippet:-1","max-image-preview":"max-image-preview:large","max-video-preview":"max-video-preview:-1"},"canonical":"https:\/\/stg.pangea.global\/certifications\/","twitter_misc":{"Est. reading time":"1 minuto"},"schema":{"@context":"https:\/\/schema.org","@graph":[{"@type":"WebPage","@id":"https:\/\/stg.pangea.global\/certifications\/","url":"https:\/\/stg.pangea.global\/certifications\/","name":"Servicios de traducci\u00f3n certificada: ISO 17100:2015","isPartOf":{"@id":"https:\/\/stg.pangea.global\/#website"},"datePublished":"2023-04-04T12:24:22+00:00","dateModified":"2024-01-03T09:35:41+00:00","description":"Servicios de traducci\u00f3n certificada; Pangea Localization Services ha conseguido su certificaci\u00f3n ISO gracias a sus continuos esfuerzos por ofrecer soluciones ling\u00fc\u00edsticas profesionales y de calidad. \u00a1Pide ya un presupuesto gratuito! \u2713Un 100 % de clientes satisfechos \u2713M\u00e1s de 70 idiomas \u2713CERTIFICACI\u00d3N ISO \u2713Entrega el mismo d\u00eda","breadcrumb":{"@id":"https:\/\/stg.pangea.global\/certifications\/#breadcrumb"},"inLanguage":"es","potentialAction":[{"@type":"ReadAction","target":["https:\/\/stg.pangea.global\/certifications\/"]}]},{"@type":"BreadcrumbList","@id":"https:\/\/stg.pangea.global\/certifications\/#breadcrumb","itemListElement":[{"@type":"ListItem","position":1,"name":"Home","item":"https:\/\/stg.pangea.global\/es\/"},{"@type":"ListItem","position":2,"name":"Certificaciones"}]},{"@type":"WebSite","@id":"https:\/\/stg.pangea.global\/#website","url":"https:\/\/stg.pangea.global\/","name":"Pangea Localization Services","description":"For Professionals, By Professionals","potentialAction":[{"@type":"SearchAction","target":{"@type":"EntryPoint","urlTemplate":"https:\/\/stg.pangea.global\/?s={search_term_string}"},"query-input":"required name=search_term_string"}],"inLanguage":"es"}]}},"uagb_featured_image_src":{"full":["https:\/\/stg.pangea.global\/wp-content\/uploads\/2021\/03\/translation_main.jpg",1903,619,false],"thumbnail":["https:\/\/stg.pangea.global\/wp-content\/uploads\/2021\/03\/translation_main-150x150.jpg",150,150,true],"medium":["https:\/\/stg.pangea.global\/wp-content\/uploads\/2021\/03\/translation_main-300x98.jpg",300,98,true],"medium_large":["https:\/\/stg.pangea.global\/wp-content\/uploads\/2021\/03\/translation_main-768x250.jpg",768,250,true],"large":["https:\/\/stg.pangea.global\/wp-content\/uploads\/2021\/03\/translation_main-1024x333.jpg",1024,333,true],"1536x1536":["https:\/\/stg.pangea.global\/wp-content\/uploads\/2021\/03\/translation_main-1536x500.jpg",1536,500,true],"2048x2048":["https:\/\/stg.pangea.global\/wp-content\/uploads\/2021\/03\/translation_main.jpg",1903,619,false]},"uagb_author_info":{"display_name":"Maksym","author_link":"https:\/\/stg.pangea.global\/es\/blog\/author\/developer\/"},"uagb_comment_info":0,"uagb_excerpt":"Servicios de traducci\u00f3n certificada\/jurada Pangea Localization Services ha obtenido la certificaci\u00f3n ISO gracias a sus continuos esfuerzos por ofrecer soluciones ling\u00fc\u00edsticas profesionales y de calidad. La certificaci\u00f3n ISO 17100:2015-05-01 se conf\u00eda a proveedores de servicios ling\u00fc\u00edsticos que cumplen los procesos de garant\u00eda de calidad m\u00e1s estrictos. Pangea se enorgullece de cumplir todas las normas establecidas&hellip;","_links":{"self":[{"href":"https:\/\/stg.pangea.global\/es\/wp-json\/wp\/v2\/pages\/68317"}],"collection":[{"href":"https:\/\/stg.pangea.global\/es\/wp-json\/wp\/v2\/pages"}],"about":[{"href":"https:\/\/stg.pangea.global\/es\/wp-json\/wp\/v2\/types\/page"}],"author":[{"embeddable":true,"href":"https:\/\/stg.pangea.global\/es\/wp-json\/wp\/v2\/users\/12"}],"replies":[{"embeddable":true,"href":"https:\/\/stg.pangea.global\/es\/wp-json\/wp\/v2\/comments?post=68317"}],"version-history":[{"count":3,"href":"https:\/\/stg.pangea.global\/es\/wp-json\/wp\/v2\/pages\/68317\/revisions"}],"predecessor-version":[{"id":70674,"href":"https:\/\/stg.pangea.global\/es\/wp-json\/wp\/v2\/pages\/68317\/revisions\/70674"}],"wp:featuredmedia":[{"embeddable":true,"href":"https:\/\/stg.pangea.global\/es\/wp-json\/wp\/v2\/media\/27036"}],"wp:attachment":[{"href":"https:\/\/stg.pangea.global\/es\/wp-json\/wp\/v2\/media?parent=68317"}],"curies":[{"name":"wp","href":"https:\/\/api.w.org\/{rel}","templated":true}]}}