  {"id":68364,"date":"2023-05-18T10:24:27","date_gmt":"2023-05-18T07:24:27","guid":{"rendered":"https:\/\/www.pangea.global\/?page_id=68364"},"modified":"2024-01-03T12:09:13","modified_gmt":"2024-01-03T10:09:13","slug":"casos-practicos","status":"publish","type":"page","link":"https:\/\/stg.pangea.global\/es\/casos-practicos\/","title":{"rendered":"Casos pr\u00e1cticos"},"content":{"rendered":"\n<section class=\"wp-block-uagb-columns uagb-columns__wrap uagb-columns__stack-mobile uagb-columns__valign- uagb-columns__gap-10 align uagb-block-376d2cbc uagb-columns__columns-1 uagb-columns__max_width-theme\"><div class=\"uagb-columns__overlay\"><\/div><div class=\"uagb-columns__inner-wrap uagb-columns__columns-1\">\n<div class=\"wp-block-uagb-column uagb-column__wrap uagb-column__background-undefined uagb-block-eddea3cb\"><div class=\"uagb-column__overlay\"><\/div><div class=\"wp-block-image\">\n<figure class=\"aligncenter size-large is-resized\"><img decoding=\"async\" src=\"https:\/\/cdn.pangea.global\/wp-content\/uploads\/2023\/05\/15093651\/Case-Studies-General-min-1024x511.png\" alt=\"\" class=\"wp-image-59978\" style=\"width:768px;height:400px\" width=\"768\" height=\"400\"\/><\/figure><\/div><\/div>\n<\/div><\/section>\n\n\n\n<section class=\"wp-block-uagb-columns uagb-columns__wrap uagb-columns__stack-mobile uagb-columns__valign- uagb-columns__gap-10 align uagb-block-07c03f23 uagb-columns__columns-1 uagb-columns__max_width-custom quality-statement-text\"><div class=\"uagb-columns__overlay\"><\/div><div class=\"uagb-columns__inner-wrap uagb-columns__columns-1\">\n<div class=\"wp-block-uagb-column uagb-column__wrap uagb-column__background-undefined uagb-block-78b39f94 quality-statement-content common-text text-justfiy case-title\"><div class=\"uagb-column__overlay\"><\/div>\n<h1 class=\"wp-block-heading has-text-align-center has-text-color\" style=\"color:#332525;font-style:normal;font-weight:600;text-transform:uppercase\">Casos pr\u00e1cticos<\/h1>\n\n\n\n<h4 class=\"wp-block-heading has-text-align-center has-text-color\" style=\"color:#332525;font-size:25px;font-style:normal;font-weight:600;text-transform:uppercase\">Un vistazo a las opiniones de nuestros clientes<\/h4>\n<\/div>\n<\/div><\/section>\n\n\n\n<section class=\"wp-block-uagb-columns uagb-columns__wrap uagb-columns__stack-mobile uagb-columns__valign- uagb-columns__gap-10 align uagb-block-6d989fb5 uagb-columns__columns-1 uagb-columns__max_width-custom case-studies-section\"><div class=\"uagb-columns__overlay\"><\/div><div class=\"uagb-columns__inner-wrap uagb-columns__columns-1\">\n<div class=\"wp-block-uagb-column uagb-column__wrap uagb-column__background-undefined uagb-block-56d50642\"><div class=\"uagb-column__overlay\"><\/div>\n<section class=\"wp-block-uagb-columns uagb-columns__wrap uagb-columns__stack-mobile uagb-columns__valign- uagb-columns__gap-10 align uagb-block-f31c8092 uagb-columns__columns-3 uagb-columns__max_width-theme\"><div class=\"uagb-columns__overlay\"><\/div><div class=\"uagb-columns__inner-wrap uagb-columns__columns-3\">\n<div class=\"wp-block-uagb-column uagb-column__wrap uagb-column__background-undefined uagb-block-590db04e clients-review-inner\"><div class=\"uagb-column__overlay\"><\/div><div class=\"wp-block-image clients-review-images\">\n<figure class=\"aligncenter size-full\"><img decoding=\"async\" src=\"https:\/\/cdn.pangea.global\/wp-content\/uploads\/2023\/05\/16124748\/fantasma-games.png\" alt=\"\" class=\"wp-image-60147\"\/><\/figure><\/div>\n\n\n<h3 class=\"wp-block-heading\">Fantasma<\/h3>\n\n\n\n<p class=\"sub-title\">Juegos e iGaming<\/p>\n\n\n\n<p class=\"content\">Pangea y Fantasma Games empezaron a colaborar en 2021, con peque\u00f1os lotes de traducci\u00f3n que m\u00e1s tarde evolucionaron hasta convertirse en traducciones completas de las reglas de los juegos. Con la ayuda de los 33 ling\u00fcistas cualificados de Pangea, la colaboraci\u00f3n ha permitido a Fantasma Games ampliar considerablemente el alcance de sus juegos.<\/p>\n\n\n<div class=\"wp-block-image right-arrow\">\n<figure class=\"alignright size-full\"><a href=\"https:\/\/www.pangea.global\/es\/?page_id=68405\"><img decoding=\"async\" src=\"https:\/\/cdn.pangea.global\/wp-content\/uploads\/2023\/02\/09115718\/right-arrow.png\" alt=\"\" class=\"wp-image-57532\"\/><\/a><\/figure><\/div><\/div>\n\n\n\n<div class=\"wp-block-uagb-column uagb-column__wrap uagb-column__background-undefined uagb-block-a3986070 clients-review-inner\"><div class=\"uagb-column__overlay\"><\/div><div class=\"wp-block-image clients-review-images\">\n<figure class=\"aligncenter size-full\"><img decoding=\"async\" src=\"https:\/\/cdn.pangea.global\/wp-content\/uploads\/2023\/05\/16124752\/Playtika_Logo.jpg\" alt=\"\" class=\"wp-image-60151\"\/><\/figure><\/div>\n\n\n<h3 class=\"wp-block-heading\">Playtika<\/h3>\n\n\n\n<p class=\"sub-title\">Juegos e iGaming<\/p>\n\n\n\n<p class=\"content\">La asociaci\u00f3n de Pangea con Playtika comenz\u00f3 en 2017, pasando de 3 idiomas por lote a la traducci\u00f3n de reglas de juegos y voces en off, a m\u00e1s de 28 idiomas. Desde entonces, los servicios de localizaci\u00f3n de Pangea han demostrado ser indispensables para el \u00e9xito de Playtika.<\/p>\n\n\n<div class=\"wp-block-image right-arrow\">\n<figure class=\"alignright size-full\"><a href=\"https:\/\/www.pangea.global\/es\/?page_id=68407\"><img decoding=\"async\" src=\"https:\/\/cdn.pangea.global\/wp-content\/uploads\/2023\/02\/09115718\/right-arrow.png\" alt=\"\" class=\"wp-image-57532\"\/><\/a><\/figure><\/div><\/div>\n\n\n\n<div class=\"wp-block-uagb-column uagb-column__wrap uagb-column__background-undefined uagb-block-1a79a4a1 clients-review-inner\"><div class=\"uagb-column__overlay\"><\/div><div class=\"wp-block-image clients-review-images betgames\">\n<figure class=\"aligncenter size-full\"><img decoding=\"async\" src=\"https:\/\/cdn.pangea.global\/wp-content\/uploads\/2023\/05\/16124756\/Bet_Games_logo_dark_blue_8dcefda24e.png\" alt=\"\" class=\"wp-image-60155\"\/><\/figure><\/div>\n\n\n<h3 class=\"wp-block-heading\">Betgames<\/h3>\n\n\n\n<p class=\"sub-title\">iGaming<\/p>\n\n\n\n<p class=\"content\">BetGames se asoci\u00f3 con Pangea en 2021 para mejorar su oferta de juegos mediante traducciones de alta calidad. La asociaci\u00f3n prosper\u00f3 r\u00e1pidamente y se ampli\u00f3 m\u00e1s all\u00e1 de las descripciones de los juegos para incluir traducciones de sitios web, juegos y v\u00eddeos.<\/p>\n\n\n<div class=\"wp-block-image right-arrow\">\n<figure class=\"alignright size-full\"><a href=\"https:\/\/www.pangea.global\/es\/?page_id=68414\"><img decoding=\"async\" src=\"https:\/\/cdn.pangea.global\/wp-content\/uploads\/2023\/02\/09115718\/right-arrow.png\" alt=\"\" class=\"wp-image-57532\"\/><\/a><\/figure><\/div><\/div>\n<\/div><\/section>\n\n\n\n<section class=\"wp-block-uagb-columns uagb-columns__wrap uagb-columns__stack-mobile uagb-columns__valign- uagb-columns__gap-10 align uagb-block-f2611d74 uagb-columns__columns-3 uagb-columns__max_width-theme\"><div class=\"uagb-columns__overlay\"><\/div><div class=\"uagb-columns__inner-wrap uagb-columns__columns-3\">\n<div class=\"wp-block-uagb-column uagb-column__wrap uagb-column__background-undefined uagb-block-d5576958 clients-review-inner\"><div class=\"uagb-column__overlay\"><\/div><div class=\"wp-block-image clients-review-images\">\n<figure class=\"aligncenter size-full\"><img decoding=\"async\" width=\"292\" height=\"230\" src=\"https:\/\/www.pangea.global\/wp-content\/uploads\/2023\/06\/eToro-Logo.png\" alt=\"\" class=\"wp-image-60649\"\/><\/figure><\/div>\n\n\n<h3 class=\"wp-block-heading\">eToro<\/h3>\n\n\n\n<p class=\"sub-title\">Servicios financieros<\/p>\n\n\n\n<p class=\"content\">Como principal proveedor de soluciones ling\u00fc\u00edsticas de eToro, Pangea Global permite a eToro comunicarse eficazmente con sus clientes en m\u00e1s de 30 idiomas. Pangea apoya a eToro con la traducci\u00f3n diaria de sus boletines, contenidos del sitio web, SMS, materiales de marketing y mucho m\u00e1s.<\/p>\n\n\n<div class=\"wp-block-image right-arrow\">\n<figure class=\"alignright size-full\"><a href=\"https:\/\/www.pangea.global\/es\/?page_id=68417\"><img decoding=\"async\" src=\"https:\/\/cdn.pangea.global\/wp-content\/uploads\/2023\/02\/09115718\/right-arrow.png\" alt=\"\" class=\"wp-image-57532\"\/><\/a><\/figure><\/div><\/div>\n\n\n\n<div class=\"wp-block-uagb-column uagb-column__wrap uagb-column__background-undefined uagb-block-2195fcf9 clients-review-inner\"><div class=\"uagb-column__overlay\"><\/div><div class=\"wp-block-image clients-review-images tiomarkets\">\n<figure class=\"aligncenter size-full\"><img decoding=\"async\" width=\"291\" height=\"227\" src=\"https:\/\/www.pangea.global\/wp-content\/uploads\/2023\/06\/TIO-Markets-Logo.png\" alt=\"\" class=\"wp-image-60637\"\/><\/figure><\/div>\n\n\n<h3 class=\"wp-block-heading\">TIO Markets<\/h3>\n\n\n\n<p class=\"sub-title\">Plataforma de operaciones en l\u00ednea<\/p>\n\n\n\n<p class=\"content\">Con Pangea Global como proveedor de traducci\u00f3n de confianza, TIO Markets disfruta de una soluci\u00f3n fiable para sus necesidades ling\u00fc\u00edsticas. El papel de Pangea abarca importantes iniciativas, como traducciones de sitios web, localizaci\u00f3n de aplicaciones y traducci\u00f3n de material de marketing, en 32 idiomas.<\/p>\n\n\n<div class=\"wp-block-image right-arrow\">\n<figure class=\"alignright size-full\"><a href=\"https:\/\/www.pangea.global\/es\/?page_id=68411\"><img decoding=\"async\" src=\"https:\/\/cdn.pangea.global\/wp-content\/uploads\/2023\/02\/09115718\/right-arrow.png\" alt=\"\" class=\"wp-image-57532\"\/><\/a><\/figure><\/div><\/div>\n\n\n\n<div class=\"wp-block-uagb-column uagb-column__wrap uagb-column__background-undefined uagb-block-b3de7260 clients-review-inner\"><div class=\"uagb-column__overlay\"><\/div><div class=\"wp-block-image clients-review-images exclusive-markets-logo\">\n<figure class=\"aligncenter size-full\"><img decoding=\"async\" width=\"286\" height=\"228\" src=\"https:\/\/www.pangea.global\/wp-content\/uploads\/2023\/06\/Exclusive-Markets-Logo.png\" alt=\"\" class=\"wp-image-60645\"\/><\/figure><\/div>\n\n\n<h3 class=\"wp-block-heading\">Exclusive Markets<\/h3>\n\n\n\n<p class=\"sub-title\">Operaciones\/trading<\/p>\n\n\n\n<p class=\"content\">Pangea Global ayuda a Exclusive Markets a reforzar su estrategia de marketing global mediante traducciones precisas y culturalmente relevantes. Con experiencia en varios medios, Pangea Global ayuda a Exclusive Markets a captar a su p\u00fablico objetivo en 20 idiomas diferentes.<\/p>\n\n\n<div class=\"wp-block-image right-arrow\">\n<figure class=\"alignright size-full\"><a href=\"https:\/\/www.pangea.global\/es\/?page_id=68441\"><img decoding=\"async\" src=\"https:\/\/cdn.pangea.global\/wp-content\/uploads\/2023\/02\/09115718\/right-arrow.png\" alt=\"\" class=\"wp-image-57532\"\/><\/a><\/figure><\/div><\/div>\n<\/div><\/section>\n\n\n\n<section class=\"wp-block-uagb-columns uagb-columns__wrap uagb-columns__stack-mobile uagb-columns__valign- uagb-columns__gap-10 align uagb-block-e8f49a82 uagb-columns__columns-3 uagb-columns__max_width-theme\"><div class=\"uagb-columns__overlay\"><\/div><div class=\"uagb-columns__inner-wrap uagb-columns__columns-3\">\n<div class=\"wp-block-uagb-column uagb-column__wrap uagb-column__background-undefined uagb-block-821ed4da clients-review-inner\"><div class=\"uagb-column__overlay\"><\/div><div class=\"wp-block-image clients-review-images\">\n<figure class=\"aligncenter size-full is-resized\"><img decoding=\"async\" src=\"https:\/\/www.pangea.global\/wp-content\/uploads\/2023\/06\/Pepperstone-Logo.png\" alt=\"\" class=\"wp-image-60641\" style=\"width:240px;height:184px\" width=\"240\" height=\"184\"\/><\/figure><\/div>\n\n\n<h3 class=\"wp-block-heading\">Pepperstone<\/h3>\n\n\n\n<p class=\"sub-title\">Br\u00f3ker en l\u00ednea<\/p>\n\n\n\n<p class=\"content\">Pangea Global lleva proporcionando soluciones ling\u00fc\u00edsticas a medida para Pepperstone desde 2018, lo que les permite conectar con su clientela global en 20 idiomas. Pepperstone ha confiado en Pangea no solo para sus traducciones de material de marketing, sino tambi\u00e9n para las traducciones de KYC (conozca a su cliente, por sus siglas en ingl\u00e9s) y cumplimiento normativo.<\/p>\n\n\n<div class=\"wp-block-image right-arrow\">\n<figure class=\"alignright size-full\"><a href=\"https:\/\/www.pangea.global\/es\/?page_id=68444\"><img decoding=\"async\" src=\"https:\/\/cdn.pangea.global\/wp-content\/uploads\/2023\/02\/09115718\/right-arrow.png\" alt=\"\" class=\"wp-image-57532\"\/><\/a><\/figure><\/div><\/div>\n\n\n\n<div class=\"wp-block-uagb-column uagb-column__wrap uagb-column__background-undefined uagb-block-51571ab1 clients-review-inner\"><div class=\"uagb-column__overlay\"><\/div><\/div>\n\n\n\n<div class=\"wp-block-uagb-column uagb-column__wrap uagb-column__background-undefined uagb-block-bc232e83\"><div class=\"uagb-column__overlay\"><\/div><\/div>\n<\/div><\/section>\n<\/div>\n<\/div><\/section>\n","protected":false},"excerpt":{"rendered":"<p>Casos pr\u00e1cticos Un vistazo a las opiniones de nuestros clientes Fantasma Juegos e iGaming Pangea y Fantasma Games empezaron a colaborar en 2021, con peque\u00f1os lotes de traducci\u00f3n que m\u00e1s tarde evolucionaron hasta convertirse en traducciones completas de las reglas de los juegos. Con la ayuda de los 33 ling\u00fcistas cualificados de Pangea, la colaboraci\u00f3n<a class=\"read-more\" href=\"https:\/\/stg.pangea.global\/es\/casos-practicos\/\"> &#8230; Read More<\/a><\/p>\n","protected":false},"author":12,"featured_media":0,"parent":0,"menu_order":0,"comment_status":"closed","ping_status":"closed","template":"game-localization-sevices-new.php","meta":{"_uag_custom_page_level_css":""},"acf":[],"yoast_head":"<!-- This site is optimized with the Yoast SEO plugin v20.10 - https:\/\/yoast.com\/wordpress\/plugins\/seo\/ -->\n<title>Casos pr\u00e1cticos | Pangea Localization Services<\/title>\n<meta name=\"robots\" content=\"index, follow, max-snippet:-1, max-image-preview:large, max-video-preview:-1\" \/>\n<link rel=\"canonical\" href=\"https:\/\/stg.pangea.global\/case-studies\/\" \/>\n<meta name=\"twitter:label1\" content=\"Est. reading time\" \/>\n\t<meta name=\"twitter:data1\" content=\"2 minutos\" \/>\n<!-- \/ Yoast SEO plugin. -->","yoast_head_json":{"title":"Casos pr\u00e1cticos | Pangea Localization Services","robots":{"index":"index","follow":"follow","max-snippet":"max-snippet:-1","max-image-preview":"max-image-preview:large","max-video-preview":"max-video-preview:-1"},"canonical":"https:\/\/stg.pangea.global\/case-studies\/","twitter_misc":{"Est. reading time":"2 minutos"},"schema":{"@context":"https:\/\/schema.org","@graph":[{"@type":"WebPage","@id":"https:\/\/stg.pangea.global\/case-studies\/","url":"https:\/\/stg.pangea.global\/case-studies\/","name":"Casos pr\u00e1cticos | Pangea Localization Services","isPartOf":{"@id":"https:\/\/stg.pangea.global\/#website"},"datePublished":"2023-05-18T07:24:27+00:00","dateModified":"2024-01-03T10:09:13+00:00","breadcrumb":{"@id":"https:\/\/stg.pangea.global\/case-studies\/#breadcrumb"},"inLanguage":"es","potentialAction":[{"@type":"ReadAction","target":["https:\/\/stg.pangea.global\/case-studies\/"]}]},{"@type":"BreadcrumbList","@id":"https:\/\/stg.pangea.global\/case-studies\/#breadcrumb","itemListElement":[{"@type":"ListItem","position":1,"name":"Home","item":"https:\/\/stg.pangea.global\/es\/"},{"@type":"ListItem","position":2,"name":"Casos pr\u00e1cticos"}]},{"@type":"WebSite","@id":"https:\/\/stg.pangea.global\/#website","url":"https:\/\/stg.pangea.global\/","name":"Pangea Localization Services","description":"For Professionals, By Professionals","potentialAction":[{"@type":"SearchAction","target":{"@type":"EntryPoint","urlTemplate":"https:\/\/stg.pangea.global\/?s={search_term_string}"},"query-input":"required name=search_term_string"}],"inLanguage":"es"}]}},"uagb_featured_image_src":{"full":false,"thumbnail":false,"medium":false,"medium_large":false,"large":false,"1536x1536":false,"2048x2048":false},"uagb_author_info":{"display_name":"Maksym","author_link":"https:\/\/stg.pangea.global\/es\/blog\/author\/developer\/"},"uagb_comment_info":0,"uagb_excerpt":"Casos pr\u00e1cticos Un vistazo a las opiniones de nuestros clientes Fantasma Juegos e iGaming Pangea y Fantasma Games empezaron a colaborar en 2021, con peque\u00f1os lotes de traducci\u00f3n que m\u00e1s tarde evolucionaron hasta convertirse en traducciones completas de las reglas de los juegos. Con la ayuda de los 33 ling\u00fcistas cualificados de Pangea, la colaboraci\u00f3n&hellip;","_links":{"self":[{"href":"https:\/\/stg.pangea.global\/es\/wp-json\/wp\/v2\/pages\/68364"}],"collection":[{"href":"https:\/\/stg.pangea.global\/es\/wp-json\/wp\/v2\/pages"}],"about":[{"href":"https:\/\/stg.pangea.global\/es\/wp-json\/wp\/v2\/types\/page"}],"author":[{"embeddable":true,"href":"https:\/\/stg.pangea.global\/es\/wp-json\/wp\/v2\/users\/12"}],"replies":[{"embeddable":true,"href":"https:\/\/stg.pangea.global\/es\/wp-json\/wp\/v2\/comments?post=68364"}],"version-history":[{"count":2,"href":"https:\/\/stg.pangea.global\/es\/wp-json\/wp\/v2\/pages\/68364\/revisions"}],"predecessor-version":[{"id":70677,"href":"https:\/\/stg.pangea.global\/es\/wp-json\/wp\/v2\/pages\/68364\/revisions\/70677"}],"wp:attachment":[{"href":"https:\/\/stg.pangea.global\/es\/wp-json\/wp\/v2\/media?parent=68364"}],"curies":[{"name":"wp","href":"https:\/\/api.w.org\/{rel}","templated":true}]}}