  {"id":68319,"date":"2023-01-06T14:45:07","date_gmt":"2023-01-06T12:45:07","guid":{"rendered":"https:\/\/www.pangea.global\/?page_id=68319"},"modified":"2024-01-15T16:18:47","modified_gmt":"2024-01-15T14:18:47","slug":"declaration-de-qualite","status":"publish","type":"page","link":"https:\/\/stg.pangea.global\/fr\/declaration-de-qualite\/","title":{"rendered":"Engagement pour la qualit\u00e9"},"content":{"rendered":"\n<section class=\"wp-block-uagb-columns uagb-columns__wrap uagb-columns__background-none uagb-columns__stack-mobile uagb-columns__valign- uagb-columns__gap-10 align uagb-block-4142363c uagb-columns__columns-1 uagb-columns__max_width-theme\"><div class=\"uagb-columns__overlay\"><\/div><div class=\"uagb-columns__inner-wrap uagb-columns__columns-1\">\n<div class=\"wp-block-uagb-column uagb-column__wrap uagb-column__background-undefined uagb-block-f287c64f\"><div class=\"uagb-column__overlay\"><\/div><div class=\"wp-block-image\">\n<figure class=\"aligncenter size-large is-resized\"><img decoding=\"async\" src=\"https:\/\/cdn.pangea.global\/wp-content\/uploads\/2023\/03\/27121714\/Persona-Quality-Statement-min-1024x490.png\" alt=\"\" class=\"wp-image-58886\" style=\"width:724px;height:500px\" width=\"724\" height=\"500\"\/><\/figure><\/div><\/div>\n<\/div><\/section>\n\n\n\n<section class=\"wp-block-uagb-columns uagb-columns__wrap uagb-columns__background-none uagb-columns__stack-mobile uagb-columns__valign- uagb-columns__gap-10 align uagb-block-7df2268b uagb-columns__columns-1 uagb-columns__max_width-custom quality-statement-text\"><div class=\"uagb-columns__overlay\"><\/div><div class=\"uagb-columns__inner-wrap uagb-columns__columns-1\">\n<div class=\"wp-block-uagb-column uagb-column__wrap uagb-column__background-undefined uagb-block-175d043a quality-statement-content common-text text-justfiy\"><div class=\"uagb-column__overlay\"><\/div>\n<h1 class=\"wp-block-heading has-text-align-center has-text-color\" style=\"color:#332525;font-style:normal;font-weight:600;text-transform:uppercase\">ENGAGEMENT POUR LA QUALIT\u00c9<\/h1>\n\n\n\n<p class=\"common-text has-text-color\" style=\"color:#332525;letter-spacing:0.2px\">Pangea&nbsp;Translation&nbsp;Services&nbsp;(Chypre)&nbsp;LTD est un prestataire de services de traduction, de localisation et de contenu qui se concentre sur la fourniture d&#8217;un service professionnel de haute qualit\u00e9 et sur des d\u00e9lais d&#8217;ex\u00e9cution rapides.<\/p>\n\n\n\n<p class=\"has-text-color\" style=\"color:#332525;letter-spacing:0px\"><\/p>\n\n\n\n<p class=\"common-text has-text-color\" style=\"color:#332525;letter-spacing:0px\">Notre objectif est d&#8217;aider les entreprises \u00e0 s&#8217;internationaliser et \u00e0 atteindre de nouveaux march\u00e9s dans le monde entier en proposant un contenu percutant sur des march\u00e9s ultra-concurrentiels.<\/p>\n\n\n\n<p class=\"has-text-color\" style=\"color:#332525;letter-spacing:0px\"><\/p>\n\n\n\n<p class=\"common-text has-text-color\" style=\"color:#332525;letter-spacing:0px\">La direction et le personnel de Pangea&nbsp;Translation&nbsp;Services&nbsp;(Chypre)&nbsp;LTD s&#8217;engagent \u00e0 fournir des solutions compl\u00e8tes et de haute qualit\u00e9 aux t\u00e2ches pr\u00e9sent\u00e9es par nos clients.<\/p>\n\n\n\n<p class=\"has-text-color\" style=\"color:#332525;letter-spacing:0px\"><\/p>\n\n\n\n<p class=\"common-text has-text-color\" style=\"color:#332525;letter-spacing:0px\"><strong style=\"\n font-weight: 700 !important;\n font-family: poppins;\n letter-spacing: 0px;\n\">Nous nous engageons \u00e0 perfectionner en permanence tous les aspects et toutes les activit\u00e9s de notre entreprise afin de r\u00e9pondre aux exigences croissantes<\/strong> et \u00e9volutives du march\u00e9, en adoptant une approche \u00e0 la fois cr\u00e9ative et conforme \u00e0 chaque t\u00e2che.<\/p>\n<\/div>\n<\/div><\/section>\n\n\n\n<section class=\"wp-block-uagb-columns uagb-columns__wrap uagb-columns__background-none uagb-columns__stack-mobile uagb-columns__valign- uagb-columns__gap-10 align uagb-block-ead038c9 uagb-columns__columns-3 uagb-columns__max_width-custom quality-statement-image\"><div class=\"uagb-columns__overlay\"><\/div><div class=\"uagb-columns__inner-wrap uagb-columns__columns-3\">\n<div class=\"wp-block-uagb-column uagb-column__wrap uagb-column__background-undefined uagb-block-43f8fc0f\"><div class=\"uagb-column__overlay\"><\/div><div class=\"wp-block-image\">\n<figure class=\"aligncenter size-medium is-resized\"><img decoding=\"async\" src=\"https:\/\/cdn.pangea.global\/wp-content\/uploads\/2023\/03\/27124828\/ISO-INNER-PAGE-1-300x189.png\" alt=\"\" class=\"wp-image-58902\" style=\"width:280px\" width=\"280\"\/><\/figure><\/div><\/div>\n\n\n\n<div class=\"wp-block-uagb-column uagb-column__wrap uagb-column__background-undefined uagb-block-3237d2f4\"><div class=\"uagb-column__overlay\"><\/div><div class=\"wp-block-image\">\n<figure class=\"aligncenter size-medium is-resized\"><img decoding=\"async\" src=\"https:\/\/cdn.pangea.global\/wp-content\/uploads\/2023\/03\/27124840\/ISO-INNER-PAGE-2-300x188.png\" alt=\"\" class=\"wp-image-58906\" style=\"width:280px\" width=\"280\"\/><\/figure><\/div><\/div>\n\n\n\n<div class=\"wp-block-uagb-column uagb-column__wrap uagb-column__background-undefined uagb-block-15ec8293 american-image\"><div class=\"uagb-column__overlay\"><\/div><div class=\"wp-block-image\">\n<figure class=\"aligncenter size-large\"><img decoding=\"async\" width=\"1024\" height=\"643\" src=\"https:\/\/www.pangea.global\/wp-content\/uploads\/2023\/06\/ATA-V1-1024x643.png\" alt=\"\" class=\"wp-image-60851\" srcset=\"https:\/\/cdn.pangea.global\/wp-content\/uploads\/2023\/06\/27110428\/ATA-V1-1024x643.png 1024w, https:\/\/cdn.pangea.global\/wp-content\/uploads\/2023\/06\/27110428\/ATA-V1-300x188.png 300w, https:\/\/cdn.pangea.global\/wp-content\/uploads\/2023\/06\/27110428\/ATA-V1-768x483.png 768w, https:\/\/cdn.pangea.global\/wp-content\/uploads\/2023\/06\/27110428\/ATA-V1-1536x965.png 1536w, https:\/\/cdn.pangea.global\/wp-content\/uploads\/2023\/06\/27110428\/ATA-V1-2048x1287.png 2048w\" sizes=\"(max-width: 1024px) 100vw, 1024px\" \/><\/figure><\/div><\/div>\n<\/div><\/section>\n","protected":false},"excerpt":{"rendered":"<p>ENGAGEMENT POUR LA QUALIT\u00c9 Pangea&nbsp;Translation&nbsp;Services&nbsp;(Chypre)&nbsp;LTD est un prestataire de services de traduction, de localisation et de contenu qui se concentre sur la fourniture d&#8217;un service professionnel de haute qualit\u00e9 et sur des d\u00e9lais d&#8217;ex\u00e9cution rapides. Notre objectif est d&#8217;aider les entreprises \u00e0 s&#8217;internationaliser et \u00e0 atteindre de nouveaux march\u00e9s dans le monde entier en proposant<a class=\"read-more\" href=\"https:\/\/stg.pangea.global\/fr\/declaration-de-qualite\/\"> &#8230; Read More<\/a><\/p>\n","protected":false},"author":12,"featured_media":0,"parent":0,"menu_order":0,"comment_status":"closed","ping_status":"closed","template":"game-localization-sevices-new.php","meta":{"_uag_custom_page_level_css":""},"acf":[],"yoast_head":"<!-- This site is optimized with the Yoast SEO plugin v20.10 - https:\/\/yoast.com\/wordpress\/plugins\/seo\/ -->\n<title>D\u00e9claration de qualit\u00e9 | Pangea Localization Services<\/title>\n<meta name=\"description\" content=\"Services de la d\u00e9claration de qualit\u00e9 \u2713 Pangea\u00a0Translation\u00a0Services\u00a0(Chypre)\u00a0LTD est un prestataire de services de traduction, de localisation et de contenu qui se concentre sur la fourniture d&#039;un service professionnel de haute qualit\u00e9 et sur des d\u00e9lais d&#039;ex\u00e9cution rapides. Obtenez un devis gratuit maintenant\u00a0! \u2713100\u00a0% de satisfaction client \u2713Plus de 70 Langues \u2713CERTIFICATION ISO \u2713Livraison le jour m\u00eame\" \/>\n<meta name=\"robots\" content=\"index, follow, max-snippet:-1, max-image-preview:large, max-video-preview:-1\" \/>\n<link rel=\"canonical\" href=\"https:\/\/stg.pangea.global\/quality-statement\/\" \/>\n<meta name=\"twitter:label1\" content=\"Est. reading time\" \/>\n\t<meta name=\"twitter:data1\" content=\"1 minute\" \/>\n<!-- \/ Yoast SEO plugin. -->","yoast_head_json":{"title":"D\u00e9claration de qualit\u00e9 | Pangea Localization Services","description":"Services de la d\u00e9claration de qualit\u00e9 \u2713 Pangea\u00a0Translation\u00a0Services\u00a0(Chypre)\u00a0LTD est un prestataire de services de traduction, de localisation et de contenu qui se concentre sur la fourniture d'un service professionnel de haute qualit\u00e9 et sur des d\u00e9lais d'ex\u00e9cution rapides. Obtenez un devis gratuit maintenant\u00a0! \u2713100\u00a0% de satisfaction client \u2713Plus de 70 Langues \u2713CERTIFICATION ISO \u2713Livraison le jour m\u00eame","robots":{"index":"index","follow":"follow","max-snippet":"max-snippet:-1","max-image-preview":"max-image-preview:large","max-video-preview":"max-video-preview:-1"},"canonical":"https:\/\/stg.pangea.global\/quality-statement\/","twitter_misc":{"Est. reading time":"1 minute"},"schema":{"@context":"https:\/\/schema.org","@graph":[{"@type":"WebPage","@id":"https:\/\/stg.pangea.global\/quality-statement\/","url":"https:\/\/stg.pangea.global\/quality-statement\/","name":"D\u00e9claration de qualit\u00e9 | Pangea Localization Services","isPartOf":{"@id":"https:\/\/stg.pangea.global\/#website"},"datePublished":"2023-01-06T12:45:07+00:00","dateModified":"2024-01-15T14:18:47+00:00","description":"Services de la d\u00e9claration de qualit\u00e9 \u2713 Pangea\u00a0Translation\u00a0Services\u00a0(Chypre)\u00a0LTD est un prestataire de services de traduction, de localisation et de contenu qui se concentre sur la fourniture d'un service professionnel de haute qualit\u00e9 et sur des d\u00e9lais d'ex\u00e9cution rapides. Obtenez un devis gratuit maintenant\u00a0! \u2713100\u00a0% de satisfaction client \u2713Plus de 70 Langues \u2713CERTIFICATION ISO \u2713Livraison le jour m\u00eame","breadcrumb":{"@id":"https:\/\/stg.pangea.global\/quality-statement\/#breadcrumb"},"inLanguage":"fr-FR","potentialAction":[{"@type":"ReadAction","target":["https:\/\/stg.pangea.global\/quality-statement\/"]}]},{"@type":"BreadcrumbList","@id":"https:\/\/stg.pangea.global\/quality-statement\/#breadcrumb","itemListElement":[{"@type":"ListItem","position":1,"name":"Home","item":"https:\/\/stg.pangea.global\/fr\/"},{"@type":"ListItem","position":2,"name":"Engagement pour la qualit\u00e9"}]},{"@type":"WebSite","@id":"https:\/\/stg.pangea.global\/#website","url":"https:\/\/stg.pangea.global\/","name":"Pangea Localization Services","description":"For Professionals, By Professionals","potentialAction":[{"@type":"SearchAction","target":{"@type":"EntryPoint","urlTemplate":"https:\/\/stg.pangea.global\/?s={search_term_string}"},"query-input":"required name=search_term_string"}],"inLanguage":"fr-FR"}]}},"uagb_featured_image_src":{"full":false,"thumbnail":false,"medium":false,"medium_large":false,"large":false,"1536x1536":false,"2048x2048":false},"uagb_author_info":{"display_name":"Maksym","author_link":"https:\/\/stg.pangea.global\/fr\/blog\/author\/developer\/"},"uagb_comment_info":0,"uagb_excerpt":"ENGAGEMENT POUR LA QUALIT\u00c9 Pangea&nbsp;Translation&nbsp;Services&nbsp;(Chypre)&nbsp;LTD est un prestataire de services de traduction, de localisation et de contenu qui se concentre sur la fourniture d&#8217;un service professionnel de haute qualit\u00e9 et sur des d\u00e9lais d&#8217;ex\u00e9cution rapides. Notre objectif est d&#8217;aider les entreprises \u00e0 s&#8217;internationaliser et \u00e0 atteindre de nouveaux march\u00e9s dans le monde entier en proposant\u2026","_links":{"self":[{"href":"https:\/\/stg.pangea.global\/fr\/wp-json\/wp\/v2\/pages\/68319"}],"collection":[{"href":"https:\/\/stg.pangea.global\/fr\/wp-json\/wp\/v2\/pages"}],"about":[{"href":"https:\/\/stg.pangea.global\/fr\/wp-json\/wp\/v2\/types\/page"}],"author":[{"embeddable":true,"href":"https:\/\/stg.pangea.global\/fr\/wp-json\/wp\/v2\/users\/12"}],"replies":[{"embeddable":true,"href":"https:\/\/stg.pangea.global\/fr\/wp-json\/wp\/v2\/comments?post=68319"}],"version-history":[{"count":3,"href":"https:\/\/stg.pangea.global\/fr\/wp-json\/wp\/v2\/pages\/68319\/revisions"}],"predecessor-version":[{"id":71244,"href":"https:\/\/stg.pangea.global\/fr\/wp-json\/wp\/v2\/pages\/68319\/revisions\/71244"}],"wp:attachment":[{"href":"https:\/\/stg.pangea.global\/fr\/wp-json\/wp\/v2\/media?parent=68319"}],"curies":[{"name":"wp","href":"https:\/\/api.w.org\/{rel}","templated":true}]}}