  {"id":68325,"date":"2023-04-04T15:30:57","date_gmt":"2023-04-04T12:30:57","guid":{"rendered":"https:\/\/www.pangea.global\/?page_id=68325"},"modified":"2023-12-20T23:34:48","modified_gmt":"2023-12-20T21:34:48","slug":"retours-des-clients","status":"publish","type":"page","link":"https:\/\/stg.pangea.global\/fr\/retours-des-clients\/","title":{"rendered":"T\u00e9moignages"},"content":{"rendered":"\n<section class=\"wp-block-uagb-columns uagb-columns__wrap uagb-columns__background-none uagb-columns__stack-mobile uagb-columns__valign- uagb-columns__gap-10 align uagb-block-ad9d7283 uagb-columns__columns-1 uagb-columns__max_width-theme\"><div class=\"uagb-columns__overlay\"><\/div><div class=\"uagb-columns__inner-wrap uagb-columns__columns-1\">\n<div class=\"wp-block-uagb-column uagb-column__wrap uagb-column__background-undefined uagb-block-9810fb67\"><div class=\"uagb-column__overlay\"><\/div><div class=\"wp-block-image\">\n<figure class=\"aligncenter size-large is-resized\"><img decoding=\"async\" src=\"https:\/\/cdn.pangea.global\/wp-content\/uploads\/2023\/03\/28133923\/Persona-Our-Clients-1024x511.png\" alt=\"\" class=\"wp-image-58954\" style=\"width:724px\" width=\"724\"\/><\/figure><\/div><\/div>\n<\/div><\/section>\n\n\n\n<section class=\"wp-block-uagb-columns uagb-columns__wrap uagb-columns__background-none uagb-columns__stack-mobile uagb-columns__valign- uagb-columns__gap-10 align uagb-block-46dcf8a3 uagb-columns__columns-1 uagb-columns__max_width-custom quality-statement-text container\"><div class=\"uagb-columns__overlay\"><\/div><div class=\"uagb-columns__inner-wrap uagb-columns__columns-1\">\n<div class=\"wp-block-uagb-column uagb-column__wrap uagb-column__background-undefined uagb-block-37ccdc34 quality-statement-content common-text\"><div class=\"uagb-column__overlay\"><\/div>\n<h1 class=\"wp-block-heading has-text-align-center has-text-color\" style=\"color:#332525;font-style:normal;font-weight:600;text-transform:uppercase\">Les retours de nos clients<\/h1>\n\n\n\n<div class=\"wp-block-group our-client-sec is-layout-flow\"><div class=\"wp-block-group__inner-container\">\n<script type=\"text\/javascript\" src=\"https:\/\/widget.clutch.co\/static\/js\/widget.js\" async><\/script> <div class=\"clutch-widget\" data-url=\"https:\/\/widget.clutch.co\" data-widget-type=\"12\" data-height=\"375\" data-nofollow=\"true\" data-expandifr=\"true\" data-scale=\"100\" data-scale=\"100\" data-primary-color=\"#439a99\" data-secondary-color=\"#439a99\" data-reviews=\"2270074,2265755,2002990,1958734,1917978,1910509,1882621\" data-clutchcompany-id=\"429629\"><\/div>\n<\/div><\/div>\n<\/div>\n<\/div><\/section>\n","protected":false},"excerpt":{"rendered":"<p>Les retours de nos clients<\/p>\n","protected":false},"author":12,"featured_media":27034,"parent":0,"menu_order":0,"comment_status":"closed","ping_status":"closed","template":"game-localization-sevices-new.php","meta":{"_uag_custom_page_level_css":""},"acf":[],"yoast_head":"<!-- This site is optimized with the Yoast SEO plugin v20.10 - https:\/\/yoast.com\/wordpress\/plugins\/seo\/ -->\n<title>Retours de clients - Pangea Localization Service<\/title>\n<meta name=\"description\" content=\"Les retours de nos clients. Nous garantissons \u00e0 nos clients des services de localisation et de traduction d&#039;une qualit\u00e9 optimale. 100% des commandes sont livr\u00e9es dans un d\u00e9lai tr\u00e8s bref\u00a0! Obtenez un devis gratuit maintenant\u00a0! \u2713100\u00a0% de satisfaction client \u2713Plus de 70 Langues \u2713CERTIFICATION ISO \u2713Livraison le jour m\u00eame\" \/>\n<meta name=\"robots\" content=\"index, follow, max-snippet:-1, max-image-preview:large, max-video-preview:-1\" \/>\n<link rel=\"canonical\" href=\"https:\/\/stg.pangea.global\/fr\/retours-des-clients\/\" \/>\n<!-- \/ Yoast SEO plugin. -->","yoast_head_json":{"title":"Retours de clients - Pangea Localization Service","description":"Les retours de nos clients. Nous garantissons \u00e0 nos clients des services de localisation et de traduction d'une qualit\u00e9 optimale. 100% des commandes sont livr\u00e9es dans un d\u00e9lai tr\u00e8s bref\u00a0! Obtenez un devis gratuit maintenant\u00a0! \u2713100\u00a0% de satisfaction client \u2713Plus de 70 Langues \u2713CERTIFICATION ISO \u2713Livraison le jour m\u00eame","robots":{"index":"index","follow":"follow","max-snippet":"max-snippet:-1","max-image-preview":"max-image-preview:large","max-video-preview":"max-video-preview:-1"},"canonical":"https:\/\/stg.pangea.global\/fr\/retours-des-clients\/","schema":{"@context":"https:\/\/schema.org","@graph":[{"@type":"WebPage","@id":"https:\/\/stg.pangea.global\/fr\/retours-des-clients\/","url":"https:\/\/stg.pangea.global\/fr\/retours-des-clients\/","name":"Retours de clients - Pangea Localization Service","isPartOf":{"@id":"https:\/\/stg.pangea.global\/#website"},"datePublished":"2023-04-04T12:30:57+00:00","dateModified":"2023-12-20T21:34:48+00:00","description":"Les retours de nos clients. Nous garantissons \u00e0 nos clients des services de localisation et de traduction d'une qualit\u00e9 optimale. 100% des commandes sont livr\u00e9es dans un d\u00e9lai tr\u00e8s bref\u00a0! Obtenez un devis gratuit maintenant\u00a0! \u2713100\u00a0% de satisfaction client \u2713Plus de 70 Langues \u2713CERTIFICATION ISO \u2713Livraison le jour m\u00eame","breadcrumb":{"@id":"https:\/\/stg.pangea.global\/fr\/retours-des-clients\/#breadcrumb"},"inLanguage":"fr-FR","potentialAction":[{"@type":"ReadAction","target":["https:\/\/stg.pangea.global\/fr\/retours-des-clients\/"]}]},{"@type":"BreadcrumbList","@id":"https:\/\/stg.pangea.global\/fr\/retours-des-clients\/#breadcrumb","itemListElement":[{"@type":"ListItem","position":1,"name":"Home","item":"https:\/\/stg.pangea.global\/fr\/"},{"@type":"ListItem","position":2,"name":"T\u00e9moignages"}]},{"@type":"WebSite","@id":"https:\/\/stg.pangea.global\/#website","url":"https:\/\/stg.pangea.global\/","name":"Pangea Localization Services","description":"For Professionals, By Professionals","potentialAction":[{"@type":"SearchAction","target":{"@type":"EntryPoint","urlTemplate":"https:\/\/stg.pangea.global\/?s={search_term_string}"},"query-input":"required name=search_term_string"}],"inLanguage":"fr-FR"}]}},"uagb_featured_image_src":{"full":["https:\/\/stg.pangea.global\/wp-content\/uploads\/2021\/03\/translation_main.jpg",1903,619,false],"thumbnail":["https:\/\/stg.pangea.global\/wp-content\/uploads\/2021\/03\/translation_main-150x150.jpg",150,150,true],"medium":["https:\/\/stg.pangea.global\/wp-content\/uploads\/2021\/03\/translation_main-300x98.jpg",300,98,true],"medium_large":["https:\/\/stg.pangea.global\/wp-content\/uploads\/2021\/03\/translation_main-768x250.jpg",768,250,true],"large":["https:\/\/stg.pangea.global\/wp-content\/uploads\/2021\/03\/translation_main-1024x333.jpg",1024,333,true],"1536x1536":["https:\/\/stg.pangea.global\/wp-content\/uploads\/2021\/03\/translation_main-1536x500.jpg",1536,500,true],"2048x2048":["https:\/\/stg.pangea.global\/wp-content\/uploads\/2021\/03\/translation_main.jpg",1903,619,false]},"uagb_author_info":{"display_name":"Maksym","author_link":"https:\/\/stg.pangea.global\/fr\/blog\/author\/developer\/"},"uagb_comment_info":0,"uagb_excerpt":"Les retours de nos clients","_links":{"self":[{"href":"https:\/\/stg.pangea.global\/fr\/wp-json\/wp\/v2\/pages\/68325"}],"collection":[{"href":"https:\/\/stg.pangea.global\/fr\/wp-json\/wp\/v2\/pages"}],"about":[{"href":"https:\/\/stg.pangea.global\/fr\/wp-json\/wp\/v2\/types\/page"}],"author":[{"embeddable":true,"href":"https:\/\/stg.pangea.global\/fr\/wp-json\/wp\/v2\/users\/12"}],"replies":[{"embeddable":true,"href":"https:\/\/stg.pangea.global\/fr\/wp-json\/wp\/v2\/comments?post=68325"}],"version-history":[{"count":3,"href":"https:\/\/stg.pangea.global\/fr\/wp-json\/wp\/v2\/pages\/68325\/revisions"}],"predecessor-version":[{"id":70107,"href":"https:\/\/stg.pangea.global\/fr\/wp-json\/wp\/v2\/pages\/68325\/revisions\/70107"}],"wp:featuredmedia":[{"embeddable":true,"href":"https:\/\/stg.pangea.global\/fr\/wp-json\/wp\/v2\/media\/27034"}],"wp:attachment":[{"href":"https:\/\/stg.pangea.global\/fr\/wp-json\/wp\/v2\/media?parent=68325"}],"curies":[{"name":"wp","href":"https:\/\/api.w.org\/{rel}","templated":true}]}}