  {"id":68352,"date":"2023-04-04T15:24:22","date_gmt":"2023-04-04T12:24:22","guid":{"rendered":"https:\/\/www.pangea.global\/?page_id=68352"},"modified":"2023-12-20T13:11:14","modified_gmt":"2023-12-20T11:11:14","slug":"certifications","status":"publish","type":"page","link":"https:\/\/stg.pangea.global\/fr\/certifications\/","title":{"rendered":"Certifications"},"content":{"rendered":"\n<section class=\"wp-block-uagb-columns uagb-columns__wrap uagb-columns__stack-mobile uagb-columns__valign- uagb-columns__gap-10 align uagb-block-f3cc10f2 uagb-columns__columns-1 uagb-columns__max_width-theme\"><div class=\"uagb-columns__overlay\"><\/div><div class=\"uagb-columns__inner-wrap uagb-columns__columns-1\">\n<div class=\"wp-block-uagb-column uagb-column__wrap uagb-column__background-undefined uagb-block-613dcede\"><div class=\"uagb-column__overlay\"><\/div><div class=\"wp-block-image\">\n<figure class=\"aligncenter size-large is-resized\"><img decoding=\"async\" src=\"https:\/\/cdn.pangea.global\/wp-content\/uploads\/2023\/03\/27131905\/Persona-Certifications-1024x518.png\" alt=\"\" class=\"wp-image-58921\" style=\"width:724px;height:500px\" width=\"724\" height=\"500\"\/><\/figure><\/div><\/div>\n<\/div><\/section>\n\n\n\n<section class=\"wp-block-uagb-columns uagb-columns__wrap uagb-columns__stack-mobile uagb-columns__valign- uagb-columns__gap-10 align uagb-block-b9f1391b uagb-columns__columns-1 uagb-columns__max_width-custom quality-statement-text\"><div class=\"uagb-columns__overlay\"><\/div><div class=\"uagb-columns__inner-wrap uagb-columns__columns-1\">\n<div class=\"wp-block-uagb-column uagb-column__wrap uagb-column__background-undefined uagb-block-48462ac9 quality-statement-content common-text text-justfiy\"><div class=\"uagb-column__overlay\"><\/div>\n<h1 class=\"wp-block-heading has-text-align-center has-text-color\" style=\"color:#332525;font-style:normal;font-weight:600;text-transform:uppercase\">Services de traduction asserment\u00e9e<\/h1>\n\n\n\n<p class=\"common-text\">Pangea&nbsp;Localization&nbsp;Services a obtenu sa certification ISO gr\u00e2ce \u00e0 ses efforts continus pour fournir des solutions linguistiques professionnelles et de qualit\u00e9.<\/p>\n\n\n\n<p class=\"common-text\">La certification ISO 17100:2015-05-01 est attribu\u00e9e aux prestataires de services linguistiques qui satisfont aux processus d&#8217;assurance qualit\u00e9 les plus stricts. Pangea est fi\u00e8re d&#8217;adh\u00e9rer \u00e0 toutes les normes d\u00e9finies par le LICS (Language Industry Certification System), ce qui garantit que la qualit\u00e9 de nos traductions et de nos services est constamment respect\u00e9e.<\/p>\n\n\n\n<p style=\"font-size:25px;font-style:normal;font-weight:700;text-transform:uppercase\"><strong>Notre attachement \u00e0 la qualit\u00e9<\/strong><\/p>\n\n\n\n<p>Nous nous efforcerons toujours de r\u00e9pondre aux besoins des clients et \u00e0 leurs attentes. Pangea proc\u00e8de \u00e0 des contr\u00f4les rigoureux lors de la s\u00e9lection des traducteurs et des relecteurs, tandis que nos chefs de projet suivent les directives les plus strictes pour garantir la qualit\u00e9 globale de nos services de traduction et de localisation.<\/p>\n\n\n\n<p>La certification ISO est une marque d&#8217;excellence que nous ne pourrions \u00eatre plus fiers d&#8217;obtenir. Les clients peuvent \u00eatre assur\u00e9s de la comp\u00e9tence et de la satisfaction de nos solutions linguistiques, car chaque travail est trait\u00e9 selon les normes d&#8217;assurance qualit\u00e9 les plus strictes.<\/p>\n\n\n\n<p style=\"font-size:25px;font-style:normal;font-weight:700;text-transform:uppercase\"><strong>Toujours plus loin<\/strong><\/p>\n\n\n\n<p>M\u00eame apr\u00e8s avoir acquis le statut de fournisseur officiel de services de traduction certifi\u00e9s, Pangea continuera \u00e0 viser l&#8217;excellence et \u00e0 am\u00e9liorer constamment ses services. La qualit\u00e9 passe avant tout et notre \u00e9quipe fera tout ce qui est en son pouvoir pour satisfaire au mieux le client.<\/p>\n<\/div>\n<\/div><\/section>\n\n\n\n<section class=\"wp-block-uagb-columns uagb-columns__wrap uagb-columns__stack-mobile uagb-columns__valign- uagb-columns__gap-10 align uagb-block-fbf629c4 uagb-columns__columns-2 uagb-columns__max_width-custom image-centerlogo\"><div class=\"uagb-columns__overlay\"><\/div><div class=\"uagb-columns__inner-wrap uagb-columns__columns-2\">\n<div class=\"wp-block-uagb-column uagb-column__wrap uagb-column__background-undefined uagb-block-48c05d17\"><div class=\"uagb-column__overlay\"><\/div><div class=\"wp-block-image\">\n<figure class=\"alignright size-full is-resized\"><img decoding=\"async\" src=\"https:\/\/cdn.pangea.global\/wp-content\/uploads\/2023\/03\/27124828\/ISO-INNER-PAGE-1.png\" alt=\"\" class=\"wp-image-58902\" style=\"width:280px\" width=\"280\"\/><\/figure><\/div><\/div>\n\n\n\n<div class=\"wp-block-uagb-column uagb-column__wrap uagb-column__background-undefined uagb-block-223bbdf3\"><div class=\"uagb-column__overlay\"><\/div><div class=\"wp-block-image\">\n<figure class=\"alignleft size-full is-resized\"><img decoding=\"async\" src=\"https:\/\/cdn.pangea.global\/wp-content\/uploads\/2023\/03\/27124840\/ISO-INNER-PAGE-2.png\" alt=\"\" class=\"wp-image-58906\" style=\"width:280px\" width=\"280\"\/><\/figure><\/div><\/div>\n<\/div><\/section>\n","protected":false},"excerpt":{"rendered":"<p>Services de traduction asserment\u00e9e Pangea&nbsp;Localization&nbsp;Services a obtenu sa certification ISO gr\u00e2ce \u00e0 ses efforts continus pour fournir des solutions linguistiques professionnelles et de qualit\u00e9. La certification ISO 17100:2015-05-01 est attribu\u00e9e aux prestataires de services linguistiques qui satisfont aux processus d&#8217;assurance qualit\u00e9 les plus stricts. Pangea est fi\u00e8re d&#8217;adh\u00e9rer \u00e0 toutes les normes d\u00e9finies par le<a class=\"read-more\" href=\"https:\/\/stg.pangea.global\/fr\/certifications\/\"> &#8230; Read More<\/a><\/p>\n","protected":false},"author":12,"featured_media":27034,"parent":0,"menu_order":0,"comment_status":"closed","ping_status":"closed","template":"game-localization-sevices-new.php","meta":{"_uag_custom_page_level_css":""},"acf":[],"yoast_head":"<!-- This site is optimized with the Yoast SEO plugin v20.10 - https:\/\/yoast.com\/wordpress\/plugins\/seo\/ -->\n<title>Services de traduction asserment\u00e9e - ISO 17100:2015<\/title>\n<meta name=\"description\" content=\"Services de traduction asserment\u00e9e - Pangea\u00a0Localization\u00a0Services a obtenu sa certification ISO gr\u00e2ce \u00e0 ses efforts continus pour fournir des solutions linguistiques professionnelles et de qualit\u00e9. Obtenez un devis gratuit maintenant\u00a0! \u2713100\u00a0% de satisfaction client \u2713Plus de 70 Langues \u2713CERTIFICATION ISO \u2713Livraison le jour m\u00eame\" \/>\n<meta name=\"robots\" content=\"index, follow, max-snippet:-1, max-image-preview:large, max-video-preview:-1\" \/>\n<link rel=\"canonical\" href=\"https:\/\/stg.pangea.global\/certifications\/\" \/>\n<meta name=\"twitter:label1\" content=\"Est. reading time\" \/>\n\t<meta name=\"twitter:data1\" content=\"1 minute\" \/>\n<!-- \/ Yoast SEO plugin. -->","yoast_head_json":{"title":"Services de traduction asserment\u00e9e - ISO 17100:2015","description":"Services de traduction asserment\u00e9e - Pangea\u00a0Localization\u00a0Services a obtenu sa certification ISO gr\u00e2ce \u00e0 ses efforts continus pour fournir des solutions linguistiques professionnelles et de qualit\u00e9. Obtenez un devis gratuit maintenant\u00a0! \u2713100\u00a0% de satisfaction client \u2713Plus de 70 Langues \u2713CERTIFICATION ISO \u2713Livraison le jour m\u00eame","robots":{"index":"index","follow":"follow","max-snippet":"max-snippet:-1","max-image-preview":"max-image-preview:large","max-video-preview":"max-video-preview:-1"},"canonical":"https:\/\/stg.pangea.global\/certifications\/","twitter_misc":{"Est. reading time":"1 minute"},"schema":{"@context":"https:\/\/schema.org","@graph":[{"@type":"WebPage","@id":"https:\/\/stg.pangea.global\/certifications\/","url":"https:\/\/stg.pangea.global\/certifications\/","name":"Services de traduction asserment\u00e9e - ISO 17100:2015","isPartOf":{"@id":"https:\/\/stg.pangea.global\/#website"},"datePublished":"2023-04-04T12:24:22+00:00","dateModified":"2023-12-20T11:11:14+00:00","description":"Services de traduction asserment\u00e9e - Pangea\u00a0Localization\u00a0Services a obtenu sa certification ISO gr\u00e2ce \u00e0 ses efforts continus pour fournir des solutions linguistiques professionnelles et de qualit\u00e9. Obtenez un devis gratuit maintenant\u00a0! \u2713100\u00a0% de satisfaction client \u2713Plus de 70 Langues \u2713CERTIFICATION ISO \u2713Livraison le jour m\u00eame","breadcrumb":{"@id":"https:\/\/stg.pangea.global\/certifications\/#breadcrumb"},"inLanguage":"fr-FR","potentialAction":[{"@type":"ReadAction","target":["https:\/\/stg.pangea.global\/certifications\/"]}]},{"@type":"BreadcrumbList","@id":"https:\/\/stg.pangea.global\/certifications\/#breadcrumb","itemListElement":[{"@type":"ListItem","position":1,"name":"Home","item":"https:\/\/stg.pangea.global\/fr\/"},{"@type":"ListItem","position":2,"name":"Certifications"}]},{"@type":"WebSite","@id":"https:\/\/stg.pangea.global\/#website","url":"https:\/\/stg.pangea.global\/","name":"Pangea Localization Services","description":"For Professionals, By Professionals","potentialAction":[{"@type":"SearchAction","target":{"@type":"EntryPoint","urlTemplate":"https:\/\/stg.pangea.global\/?s={search_term_string}"},"query-input":"required name=search_term_string"}],"inLanguage":"fr-FR"}]}},"uagb_featured_image_src":{"full":["https:\/\/stg.pangea.global\/wp-content\/uploads\/2021\/03\/translation_main.jpg",1903,619,false],"thumbnail":["https:\/\/stg.pangea.global\/wp-content\/uploads\/2021\/03\/translation_main-150x150.jpg",150,150,true],"medium":["https:\/\/stg.pangea.global\/wp-content\/uploads\/2021\/03\/translation_main-300x98.jpg",300,98,true],"medium_large":["https:\/\/stg.pangea.global\/wp-content\/uploads\/2021\/03\/translation_main-768x250.jpg",768,250,true],"large":["https:\/\/stg.pangea.global\/wp-content\/uploads\/2021\/03\/translation_main-1024x333.jpg",1024,333,true],"1536x1536":["https:\/\/stg.pangea.global\/wp-content\/uploads\/2021\/03\/translation_main-1536x500.jpg",1536,500,true],"2048x2048":["https:\/\/stg.pangea.global\/wp-content\/uploads\/2021\/03\/translation_main.jpg",1903,619,false]},"uagb_author_info":{"display_name":"Maksym","author_link":"https:\/\/stg.pangea.global\/fr\/blog\/author\/developer\/"},"uagb_comment_info":0,"uagb_excerpt":"Services de traduction asserment\u00e9e Pangea&nbsp;Localization&nbsp;Services a obtenu sa certification ISO gr\u00e2ce \u00e0 ses efforts continus pour fournir des solutions linguistiques professionnelles et de qualit\u00e9. La certification ISO 17100:2015-05-01 est attribu\u00e9e aux prestataires de services linguistiques qui satisfont aux processus d&#8217;assurance qualit\u00e9 les plus stricts. Pangea est fi\u00e8re d&#8217;adh\u00e9rer \u00e0 toutes les normes d\u00e9finies par le\u2026","_links":{"self":[{"href":"https:\/\/stg.pangea.global\/fr\/wp-json\/wp\/v2\/pages\/68352"}],"collection":[{"href":"https:\/\/stg.pangea.global\/fr\/wp-json\/wp\/v2\/pages"}],"about":[{"href":"https:\/\/stg.pangea.global\/fr\/wp-json\/wp\/v2\/types\/page"}],"author":[{"embeddable":true,"href":"https:\/\/stg.pangea.global\/fr\/wp-json\/wp\/v2\/users\/12"}],"replies":[{"embeddable":true,"href":"https:\/\/stg.pangea.global\/fr\/wp-json\/wp\/v2\/comments?post=68352"}],"version-history":[{"count":3,"href":"https:\/\/stg.pangea.global\/fr\/wp-json\/wp\/v2\/pages\/68352\/revisions"}],"predecessor-version":[{"id":70089,"href":"https:\/\/stg.pangea.global\/fr\/wp-json\/wp\/v2\/pages\/68352\/revisions\/70089"}],"wp:featuredmedia":[{"embeddable":true,"href":"https:\/\/stg.pangea.global\/fr\/wp-json\/wp\/v2\/media\/27034"}],"wp:attachment":[{"href":"https:\/\/stg.pangea.global\/fr\/wp-json\/wp\/v2\/media?parent=68352"}],"curies":[{"name":"wp","href":"https:\/\/api.w.org\/{rel}","templated":true}]}}