  {"id":68373,"date":"2023-05-18T10:24:27","date_gmt":"2023-05-18T07:24:27","guid":{"rendered":"https:\/\/www.pangea.global\/?page_id=68373"},"modified":"2023-12-20T13:12:39","modified_gmt":"2023-12-20T11:12:39","slug":"etudes-de-cas","status":"publish","type":"page","link":"https:\/\/stg.pangea.global\/fr\/etudes-de-cas\/","title":{"rendered":"\u00c9tudes de cas"},"content":{"rendered":"\n<section class=\"wp-block-uagb-columns uagb-columns__wrap uagb-columns__stack-mobile uagb-columns__valign- uagb-columns__gap-10 align uagb-block-376d2cbc uagb-columns__columns-1 uagb-columns__max_width-theme\"><div class=\"uagb-columns__overlay\"><\/div><div class=\"uagb-columns__inner-wrap uagb-columns__columns-1\">\n<div class=\"wp-block-uagb-column uagb-column__wrap uagb-column__background-undefined uagb-block-eddea3cb\"><div class=\"uagb-column__overlay\"><\/div><div class=\"wp-block-image\">\n<figure class=\"aligncenter size-large is-resized\"><img decoding=\"async\" src=\"https:\/\/cdn.pangea.global\/wp-content\/uploads\/2023\/05\/15093651\/Case-Studies-General-min-1024x511.png\" alt=\"\" class=\"wp-image-59978\" style=\"width:768px;height:400px\" width=\"768\" height=\"400\"\/><\/figure><\/div><\/div>\n<\/div><\/section>\n\n\n\n<section class=\"wp-block-uagb-columns uagb-columns__wrap uagb-columns__stack-mobile uagb-columns__valign- uagb-columns__gap-10 align uagb-block-07c03f23 uagb-columns__columns-1 uagb-columns__max_width-custom quality-statement-text\"><div class=\"uagb-columns__overlay\"><\/div><div class=\"uagb-columns__inner-wrap uagb-columns__columns-1\">\n<div class=\"wp-block-uagb-column uagb-column__wrap uagb-column__background-undefined uagb-block-78b39f94 quality-statement-content common-text text-justfiy case-title\"><div class=\"uagb-column__overlay\"><\/div>\n<h1 class=\"wp-block-heading has-text-align-center has-text-color\" style=\"color:#332525;font-style:normal;font-weight:600;text-transform:uppercase\">\u00c9tudes de cas<\/h1>\n\n\n\n<h4 class=\"wp-block-heading has-text-align-center has-text-color\" style=\"color:#332525;font-size:25px;font-style:normal;font-weight:600;text-transform:uppercase\">Un aper\u00e7u de ce que disent nos clients<\/h4>\n<\/div>\n<\/div><\/section>\n\n\n\n<section class=\"wp-block-uagb-columns uagb-columns__wrap uagb-columns__stack-mobile uagb-columns__valign- uagb-columns__gap-10 align uagb-block-6d989fb5 uagb-columns__columns-1 uagb-columns__max_width-custom case-studies-section\"><div class=\"uagb-columns__overlay\"><\/div><div class=\"uagb-columns__inner-wrap uagb-columns__columns-1\">\n<div class=\"wp-block-uagb-column uagb-column__wrap uagb-column__background-undefined uagb-block-56d50642\"><div class=\"uagb-column__overlay\"><\/div>\n<section class=\"wp-block-uagb-columns uagb-columns__wrap uagb-columns__stack-mobile uagb-columns__valign- uagb-columns__gap-10 align uagb-block-f31c8092 uagb-columns__columns-3 uagb-columns__max_width-theme\"><div class=\"uagb-columns__overlay\"><\/div><div class=\"uagb-columns__inner-wrap uagb-columns__columns-3\">\n<div class=\"wp-block-uagb-column uagb-column__wrap uagb-column__background-undefined uagb-block-590db04e clients-review-inner\"><div class=\"uagb-column__overlay\"><\/div><div class=\"wp-block-image clients-review-images\">\n<figure class=\"aligncenter size-full\"><img decoding=\"async\" src=\"https:\/\/cdn.pangea.global\/wp-content\/uploads\/2023\/05\/16124748\/fantasma-games.png\" alt=\"\" class=\"wp-image-60147\"\/><\/figure><\/div>\n\n\n<h3 class=\"wp-block-heading\">Fantasma<\/h3>\n\n\n\n<p class=\"sub-title\">Jeux, jeux en ligne<\/p>\n\n\n\n<p class=\"content\">Pangea et Fantasma&nbsp;Games ont commenc\u00e9 \u00e0 collaborer en 2021, avec de petits lots de traductions qui ont ensuite \u00e9volu\u00e9 vers des traductions compl\u00e8tes des r\u00e8gles du jeu. Avec l&#8217;aide des 33 linguistes qualifi\u00e9s de Pangea, cette collaboration a permis \u00e0 Fantasma Games d&#8217;\u00e9largir consid\u00e9rablement la port\u00e9e de ses jeux.<\/p>\n\n\n<div class=\"wp-block-image right-arrow\">\n<figure class=\"alignright size-full\"><a href=\"https:\/\/www.pangea.global\/fr\/?page_id=68376\"><img decoding=\"async\" src=\"https:\/\/cdn.pangea.global\/wp-content\/uploads\/2023\/02\/09115718\/right-arrow.png\" alt=\"\" class=\"wp-image-57532\"\/><\/a><\/figure><\/div><\/div>\n\n\n\n<div class=\"wp-block-uagb-column uagb-column__wrap uagb-column__background-undefined uagb-block-a3986070 clients-review-inner\"><div class=\"uagb-column__overlay\"><\/div><div class=\"wp-block-image clients-review-images\">\n<figure class=\"aligncenter size-full\"><img decoding=\"async\" src=\"https:\/\/cdn.pangea.global\/wp-content\/uploads\/2023\/05\/16124752\/Playtika_Logo.jpg\" alt=\"\" class=\"wp-image-60151\"\/><\/figure><\/div>\n\n\n<h3 class=\"wp-block-heading\">Playtika<\/h3>\n\n\n\n<p class=\"sub-title\">Jeux, jeux en ligne<\/p>\n\n\n\n<p class=\"content\">Le partenariat de Pangea avec Playtika a d\u00e9but\u00e9 en&nbsp;2017, passant de 3&nbsp;langues par lot \u00e0 la traduction des r\u00e8gles de jeu et des voix off dans plus de 28&nbsp;langues. Depuis, les services de localisation de Pangea se sont r\u00e9v\u00e9l\u00e9s indispensables au succ\u00e8s de Playtika.<\/p>\n\n\n<div class=\"wp-block-image right-arrow\">\n<figure class=\"alignright size-full\"><a href=\"https:\/\/www.pangea.global\/fr\/?page_id=68378\"><img decoding=\"async\" src=\"https:\/\/cdn.pangea.global\/wp-content\/uploads\/2023\/02\/09115718\/right-arrow.png\" alt=\"\" class=\"wp-image-57532\"\/><\/a><\/figure><\/div><\/div>\n\n\n\n<div class=\"wp-block-uagb-column uagb-column__wrap uagb-column__background-undefined uagb-block-1a79a4a1 clients-review-inner\"><div class=\"uagb-column__overlay\"><\/div><div class=\"wp-block-image clients-review-images betgames\">\n<figure class=\"aligncenter size-full\"><img decoding=\"async\" src=\"https:\/\/cdn.pangea.global\/wp-content\/uploads\/2023\/05\/16124756\/Bet_Games_logo_dark_blue_8dcefda24e.png\" alt=\"\" class=\"wp-image-60155\"\/><\/figure><\/div>\n\n\n<h3 class=\"wp-block-heading\">Betgames<\/h3>\n\n\n\n<p class=\"sub-title\">Jeux en ligne<\/p>\n\n\n\n<p class=\"content\">BetGames a \u00e9tabli un partenariat avec Pangea en 2021 afin d&#8217;am\u00e9liorer son offre de jeux gr\u00e2ce \u00e0 des traductions de haute qualit\u00e9. Le partenariat a rapidement pris de l&#8217;ampleur et s&#8217;est \u00e9tendu au-del\u00e0 des descriptions de jeux pour inclure des traductions de sites web, de jeux et de vid\u00e9os.<\/p>\n\n\n<div class=\"wp-block-image right-arrow\">\n<figure class=\"alignright size-full\"><a href=\"https:\/\/www.pangea.global\/fr\/?page_id=68416\"><img decoding=\"async\" src=\"https:\/\/cdn.pangea.global\/wp-content\/uploads\/2023\/02\/09115718\/right-arrow.png\" alt=\"\" class=\"wp-image-57532\"\/><\/a><\/figure><\/div><\/div>\n<\/div><\/section>\n\n\n\n<section class=\"wp-block-uagb-columns uagb-columns__wrap uagb-columns__stack-mobile uagb-columns__valign- uagb-columns__gap-10 align uagb-block-f2611d74 uagb-columns__columns-3 uagb-columns__max_width-theme\"><div class=\"uagb-columns__overlay\"><\/div><div class=\"uagb-columns__inner-wrap uagb-columns__columns-3\">\n<div class=\"wp-block-uagb-column uagb-column__wrap uagb-column__background-undefined uagb-block-d5576958 clients-review-inner\"><div class=\"uagb-column__overlay\"><\/div><div class=\"wp-block-image clients-review-images\">\n<figure class=\"aligncenter size-full\"><img decoding=\"async\" width=\"292\" height=\"230\" src=\"https:\/\/www.pangea.global\/wp-content\/uploads\/2023\/06\/eToro-Logo.png\" alt=\"\" class=\"wp-image-60649\"\/><\/figure><\/div>\n\n\n<h3 class=\"wp-block-heading\">eToro<\/h3>\n\n\n\n<p class=\"sub-title\">Services financiers<\/p>\n\n\n\n<p class=\"content\">En tant que principal fournisseur de solutions linguistiques d&#8217;eToro, Pangea&nbsp;Global permet \u00e0 eToro de communiquer efficacement avec ses clients dans plus de 30&nbsp;langues. Pangea apporte son assistance \u00e0 eToro pour la traduction quotidienne de ses newsletters, du contenu de son site web, de ses SMS, de son mat\u00e9riel de marketing, etc.<\/p>\n\n\n<div class=\"wp-block-image right-arrow\">\n<figure class=\"alignright size-full\"><a href=\"https:\/\/www.pangea.global\/fr\/?page_id=68424\"><img decoding=\"async\" src=\"https:\/\/cdn.pangea.global\/wp-content\/uploads\/2023\/02\/09115718\/right-arrow.png\" alt=\"\" class=\"wp-image-57532\"\/><\/a><\/figure><\/div><\/div>\n\n\n\n<div class=\"wp-block-uagb-column uagb-column__wrap uagb-column__background-undefined uagb-block-2195fcf9 clients-review-inner\"><div class=\"uagb-column__overlay\"><\/div><div class=\"wp-block-image clients-review-images tiomarkets\">\n<figure class=\"aligncenter size-full\"><img decoding=\"async\" width=\"291\" height=\"227\" src=\"https:\/\/www.pangea.global\/wp-content\/uploads\/2023\/06\/TIO-Markets-Logo.png\" alt=\"\" class=\"wp-image-60637\"\/><\/figure><\/div>\n\n\n<h3 class=\"wp-block-heading\">TIO&nbsp;Markets<\/h3>\n\n\n\n<p class=\"sub-title\">Plateforme de trading en ligne<\/p>\n\n\n\n<p class=\"content\">Avec Pangea&nbsp;Global comme fournisseur de traduction de confiance, TIO&nbsp;Markets b\u00e9n\u00e9ficie d&#8217;une solution fiable pour ses besoins linguistiques. Le r\u00f4le de Pangea englobe des initiatives importantes, telles que la traduction de sites web, la localisation d&#8217;applications et la traduction marketing, et ce dans 32&nbsp;langues.<\/p>\n\n\n<div class=\"wp-block-image right-arrow\">\n<figure class=\"alignright size-full\"><a href=\"https:\/\/www.pangea.global\/fr\/?page_id=68426\"><img decoding=\"async\" src=\"https:\/\/cdn.pangea.global\/wp-content\/uploads\/2023\/02\/09115718\/right-arrow.png\" alt=\"\" class=\"wp-image-57532\"\/><\/a><\/figure><\/div><\/div>\n\n\n\n<div class=\"wp-block-uagb-column uagb-column__wrap uagb-column__background-undefined uagb-block-b3de7260 clients-review-inner\"><div class=\"uagb-column__overlay\"><\/div><div class=\"wp-block-image clients-review-images exclusive-markets-logo\">\n<figure class=\"aligncenter size-full\"><img decoding=\"async\" width=\"286\" height=\"228\" src=\"https:\/\/www.pangea.global\/wp-content\/uploads\/2023\/06\/Exclusive-Markets-Logo.png\" alt=\"\" class=\"wp-image-60645\"\/><\/figure><\/div>\n\n\n<h3 class=\"wp-block-heading\">Exclusive Markets<\/h3>\n\n\n\n<p class=\"sub-title\">Trading<\/p>\n\n\n\n<p class=\"content\">Pangea&nbsp;Global assiste Exclusive&nbsp;Markets dans le renforcement de sa strat\u00e9gie de marketing global gr\u00e2ce \u00e0 des traductions pr\u00e9cises et culturellement pertinentes. Gr\u00e2ce \u00e0 son expertise dans diff\u00e9rents domaines, Pangea&nbsp;Global assiste Exclusive&nbsp;Markets dans ses efforts pour atteindre son public cible dans 20&nbsp;langues diff\u00e9rentes.<\/p>\n\n\n<div class=\"wp-block-image right-arrow\">\n<figure class=\"alignright size-full\"><a href=\"https:\/\/www.pangea.global\/fr\/?page_id=68418\"><img decoding=\"async\" src=\"https:\/\/cdn.pangea.global\/wp-content\/uploads\/2023\/02\/09115718\/right-arrow.png\" alt=\"\" class=\"wp-image-57532\"\/><\/a><\/figure><\/div><\/div>\n<\/div><\/section>\n\n\n\n<section class=\"wp-block-uagb-columns uagb-columns__wrap uagb-columns__stack-mobile uagb-columns__valign- uagb-columns__gap-10 align uagb-block-e8f49a82 uagb-columns__columns-3 uagb-columns__max_width-theme\"><div class=\"uagb-columns__overlay\"><\/div><div class=\"uagb-columns__inner-wrap uagb-columns__columns-3\">\n<div class=\"wp-block-uagb-column uagb-column__wrap uagb-column__background-undefined uagb-block-821ed4da clients-review-inner\"><div class=\"uagb-column__overlay\"><\/div><div class=\"wp-block-image clients-review-images\">\n<figure class=\"aligncenter size-full is-resized\"><img decoding=\"async\" src=\"https:\/\/www.pangea.global\/wp-content\/uploads\/2023\/06\/Pepperstone-Logo.png\" alt=\"\" class=\"wp-image-60641\" style=\"width:240px;height:184px\" width=\"240\" height=\"184\"\/><\/figure><\/div>\n\n\n<h3 class=\"wp-block-heading\">Pepperstone<\/h3>\n\n\n\n<p class=\"sub-title\">Courtier en ligne<\/p>\n\n\n\n<p class=\"content\">Depuis&nbsp;2018, Pangea&nbsp;Global fournit des solutions linguistiques taill\u00e9es sur mesure \u00e0 Pepperstone, ce qui lui permet de se connecter avec sa client\u00e8le mondiale dans 20&nbsp;langues. Pepperstone a fait confiance \u00e0 Pangea non seulement pour ses traductions marketing, mais aussi pour les traductions li\u00e9es \u00e0 la connaissance du client (KYC) et \u00e0 la conformit\u00e9.<\/p>\n\n\n<div class=\"wp-block-image right-arrow\">\n<figure class=\"alignright size-full\"><a href=\"https:\/\/www.pangea.global\/fr\/?page_id=68422\"><img decoding=\"async\" src=\"https:\/\/cdn.pangea.global\/wp-content\/uploads\/2023\/02\/09115718\/right-arrow.png\" alt=\"\" class=\"wp-image-57532\"\/><\/a><\/figure><\/div><\/div>\n\n\n\n<div class=\"wp-block-uagb-column uagb-column__wrap uagb-column__background-undefined uagb-block-51571ab1 clients-review-inner\"><div class=\"uagb-column__overlay\"><\/div><\/div>\n\n\n\n<div class=\"wp-block-uagb-column uagb-column__wrap uagb-column__background-undefined uagb-block-bc232e83\"><div class=\"uagb-column__overlay\"><\/div><\/div>\n<\/div><\/section>\n<\/div>\n<\/div><\/section>\n","protected":false},"excerpt":{"rendered":"<p>\u00c9tudes de cas Un aper\u00e7u de ce que disent nos clients Fantasma Jeux, jeux en ligne Pangea et Fantasma&nbsp;Games ont commenc\u00e9 \u00e0 collaborer en 2021, avec de petits lots de traductions qui ont ensuite \u00e9volu\u00e9 vers des traductions compl\u00e8tes des r\u00e8gles du jeu. Avec l&#8217;aide des 33 linguistes qualifi\u00e9s de Pangea, cette collaboration a permis<a class=\"read-more\" href=\"https:\/\/stg.pangea.global\/fr\/etudes-de-cas\/\"> &#8230; Read More<\/a><\/p>\n","protected":false},"author":12,"featured_media":0,"parent":0,"menu_order":0,"comment_status":"closed","ping_status":"closed","template":"game-localization-sevices-new.php","meta":{"_uag_custom_page_level_css":""},"acf":[],"yoast_head":"<!-- This site is optimized with the Yoast SEO plugin v20.10 - https:\/\/yoast.com\/wordpress\/plugins\/seo\/ -->\n<title>\u00c9tudes de cas | Pangea Localization Services<\/title>\n<meta name=\"robots\" content=\"index, follow, max-snippet:-1, max-image-preview:large, max-video-preview:-1\" \/>\n<link rel=\"canonical\" href=\"https:\/\/stg.pangea.global\/case-studies\/\" \/>\n<meta name=\"twitter:label1\" content=\"Est. reading time\" \/>\n\t<meta name=\"twitter:data1\" content=\"2 minutes\" \/>\n<!-- \/ Yoast SEO plugin. -->","yoast_head_json":{"title":"\u00c9tudes de cas | Pangea Localization Services","robots":{"index":"index","follow":"follow","max-snippet":"max-snippet:-1","max-image-preview":"max-image-preview:large","max-video-preview":"max-video-preview:-1"},"canonical":"https:\/\/stg.pangea.global\/case-studies\/","twitter_misc":{"Est. reading time":"2 minutes"},"schema":{"@context":"https:\/\/schema.org","@graph":[{"@type":"WebPage","@id":"https:\/\/stg.pangea.global\/case-studies\/","url":"https:\/\/stg.pangea.global\/case-studies\/","name":"\u00c9tudes de cas | Pangea Localization Services","isPartOf":{"@id":"https:\/\/stg.pangea.global\/#website"},"datePublished":"2023-05-18T07:24:27+00:00","dateModified":"2023-12-20T11:12:39+00:00","breadcrumb":{"@id":"https:\/\/stg.pangea.global\/case-studies\/#breadcrumb"},"inLanguage":"fr-FR","potentialAction":[{"@type":"ReadAction","target":["https:\/\/stg.pangea.global\/case-studies\/"]}]},{"@type":"BreadcrumbList","@id":"https:\/\/stg.pangea.global\/case-studies\/#breadcrumb","itemListElement":[{"@type":"ListItem","position":1,"name":"Home","item":"https:\/\/stg.pangea.global\/fr\/"},{"@type":"ListItem","position":2,"name":"\u00c9tudes de cas"}]},{"@type":"WebSite","@id":"https:\/\/stg.pangea.global\/#website","url":"https:\/\/stg.pangea.global\/","name":"Pangea Localization Services","description":"For Professionals, By Professionals","potentialAction":[{"@type":"SearchAction","target":{"@type":"EntryPoint","urlTemplate":"https:\/\/stg.pangea.global\/?s={search_term_string}"},"query-input":"required name=search_term_string"}],"inLanguage":"fr-FR"}]}},"uagb_featured_image_src":{"full":false,"thumbnail":false,"medium":false,"medium_large":false,"large":false,"1536x1536":false,"2048x2048":false},"uagb_author_info":{"display_name":"Maksym","author_link":"https:\/\/stg.pangea.global\/fr\/blog\/author\/developer\/"},"uagb_comment_info":0,"uagb_excerpt":"\u00c9tudes de cas Un aper\u00e7u de ce que disent nos clients Fantasma Jeux, jeux en ligne Pangea et Fantasma&nbsp;Games ont commenc\u00e9 \u00e0 collaborer en 2021, avec de petits lots de traductions qui ont ensuite \u00e9volu\u00e9 vers des traductions compl\u00e8tes des r\u00e8gles du jeu. Avec l&#8217;aide des 33 linguistes qualifi\u00e9s de Pangea, cette collaboration a permis\u2026","_links":{"self":[{"href":"https:\/\/stg.pangea.global\/fr\/wp-json\/wp\/v2\/pages\/68373"}],"collection":[{"href":"https:\/\/stg.pangea.global\/fr\/wp-json\/wp\/v2\/pages"}],"about":[{"href":"https:\/\/stg.pangea.global\/fr\/wp-json\/wp\/v2\/types\/page"}],"author":[{"embeddable":true,"href":"https:\/\/stg.pangea.global\/fr\/wp-json\/wp\/v2\/users\/12"}],"replies":[{"embeddable":true,"href":"https:\/\/stg.pangea.global\/fr\/wp-json\/wp\/v2\/comments?post=68373"}],"version-history":[{"count":3,"href":"https:\/\/stg.pangea.global\/fr\/wp-json\/wp\/v2\/pages\/68373\/revisions"}],"predecessor-version":[{"id":70092,"href":"https:\/\/stg.pangea.global\/fr\/wp-json\/wp\/v2\/pages\/68373\/revisions\/70092"}],"wp:attachment":[{"href":"https:\/\/stg.pangea.global\/fr\/wp-json\/wp\/v2\/media?parent=68373"}],"curies":[{"name":"wp","href":"https:\/\/api.w.org\/{rel}","templated":true}]}}